{"id":127298,"date":"2021-08-31T16:41:27","date_gmt":"2021-08-31T15:41:27","guid":{"rendered":"https:\/\/stage.gycom.com\/?page_id=127298"},"modified":"2021-08-31T18:13:19","modified_gmt":"2021-08-31T17:13:19","slug":"about-us","status":"publish","type":"page","link":"https:\/\/stage.gycom.com\/en\/about-us\/","title":{"rendered":"About us"},"content":{"rendered":"\n\n\n<div style=\"height:50px\" aria-hidden=\"true\" class=\"wp-block-spacer\"><\/div>\n\n\n\n<h2 class=\"wp-block-heading\" id=\"h-the-right-energy-for-your-opportunities\">The right energy for your opportunities<\/h2>\n\n\n\n<p>Gycom&#8217;s solutions are often not visible from the outside, but enable everything from energy efficiency to rocket launches and fighting of pirates. Our strength is to understand your challenge and design a uniquely matched automation solution that gives you new opportunities for success.<\/p>\n\n\n\n<p>Gycom, with roots from Sandblom &amp; Stohne and Gylling Component, has a history that stretches all the way back to 1926. Today we are part of the <a href=\"https:\/\/www.enequi.com\/\" target=\"_blank\" rel=\"noreferrer noopener\">Enequi Group<\/a>, where we with our cutting-edge expertise in energy design develop solutions for real estate, industry and demanding environments. . We are an automation partner who designs uniquely matched solutions for each challenge and creates new opportunities for success. Today our systems are used by reputable companies all over the world.<\/p>\n\n\n\n<p>Gycom has a history of deep product understanding and well-thought through engineering solutions. It&#8217;s a legacy that we will continue to care for.  It&#8217;s partnerships that we will continue to build on and it&#8217;s competence that allows us to pave the way for new, sustainable solutions.<\/p>\n\n\n\n<div style=\"height:100px\" aria-hidden=\"true\" class=\"wp-block-spacer\"><\/div>\n\n\n<section id=\"text-and-image-block_61252198b24c2\" class=\"neq-text-and-image aligncenter\">\n    <div class=\"inner\">\n        \n                                <div class=\"list-item-content \">\n                    <div class=\"text\">\n                        <span class=\"h3 title\">We are far-sighted<\/span>\n                        <p>\n                            Creating sustainable success is our top priority. We are available, listen to understand and design solutions that create real business value throughout the value chain. We create trustworthy and stable partnerships and build for the future.                        <\/p>\n                        \n                    <\/div>\n                    <div role=\"img\" aria-label=\"Concept of unlimited Internet in the network.\" class=\"image\" role=\"img\"  aria-label=\"Concept of unlimited Internet in the network.\"  style=background-image:url(https:\/\/stage.gycom.com\/wp-content\/uploads\/2021\/08\/Gycom-Far-Sighted.jpg) ><\/div>\n                <\/div>\n            \n                                <div class=\"list-item-content \">\n                    <div class=\"text\">\n                        <span class=\"h3 title\">We see new paths<\/span>\n                        <p>\n                            We are visionary entrepreneurs and drive development in our area. We see opportunities where others see difficulties and constantly raise the bar for what is possible. We know that those who see it and believe in it are also the ones who do it.                        <\/p>\n                        \n                    <\/div>\n                    <div role=\"img\" aria-label=\"Young casual businessman using smartphone in the urban environment\" class=\"image\" role=\"img\"  aria-label=\"Young casual businessman using smartphone in the urban environment\"  style=background-image:url(https:\/\/stage.gycom.com\/wp-content\/uploads\/2021\/08\/Gycom-man-i-motljus.jpg) ><\/div>\n                <\/div>\n            \n                                <div class=\"list-item-content \">\n                    <div class=\"text\">\n                        <span class=\"h3 title\">We see the goal<\/span>\n                        <p>\n                            We go from challenge and idea to analysis and solution with determination and energy. When we are put to the test, we see it as an opportunity to rise further and we do not give up until we contribute with value beyond what is expected.                        <\/p>\n                        \n                    <\/div>\n                    <div role=\"img\" aria-label=\"Concept of network integration into any location in nature.\" class=\"image\" role=\"img\"  aria-label=\"Concept of network integration into any location in nature.\"  style=background-image:url(https:\/\/stage.gycom.com\/wp-content\/uploads\/2021\/08\/Gycom-Hand-scaled.jpg) ><\/div>\n                <\/div>\n                        <\/div>\n<\/section>\n\n\n\n<div style=\"height:100px\" aria-hidden=\"true\" class=\"wp-block-spacer\"><\/div>\n","protected":false},"excerpt":{"rendered":"<p>The right energy for your opportunities Gycom&#8217;s solutions are often not visible from the outside, but enable everything from energy efficiency to rocket launches and fighting of pirates. Our strength is to understand your challenge and design a uniquely matched automation solution that gives you new opportunities for success. Gycom, with roots from Sandblom &amp; [&hellip;]<\/p>\n","protected":false},"author":1,"featured_media":127170,"parent":0,"menu_order":0,"comment_status":"closed","ping_status":"closed","template":"","meta":{"_acf_changed":false,"footnotes":""},"class_list":["post-127298","page","type-page","status-publish","has-post-thumbnail","hentry"],"acf":[],"yoast_head":"<!-- This site is optimized with the Yoast SEO Premium plugin v22.0 (Yoast SEO v25.1) - https:\/\/yoast.com\/wordpress\/plugins\/seo\/ -->\n<title>About us - Gycom<\/title>\n<meta name=\"robots\" content=\"noindex, follow, max-snippet:-1, max-image-preview:large, max-video-preview:-1\" \/>\n<meta property=\"og:locale\" content=\"en_US\" \/>\n<meta property=\"og:type\" content=\"article\" \/>\n<meta property=\"og:title\" content=\"About us\" \/>\n<meta property=\"og:description\" content=\"The right energy for your opportunities Gycom&#8217;s solutions are often not visible from the outside, but enable everything from energy efficiency to rocket launches and fighting of pirates. Our strength is to understand your challenge and design a uniquely matched automation solution that gives you new opportunities for success. Gycom, with roots from Sandblom &amp; [&hellip;]\" \/>\n<meta property=\"og:url\" content=\"https:\/\/stage.gycom.com\/en\/about-us\/\" \/>\n<meta property=\"og:site_name\" content=\"Gycom\" \/>\n<meta property=\"article:modified_time\" content=\"2021-08-31T17:13:19+00:00\" \/>\n<meta name=\"twitter:card\" content=\"summary_large_image\" \/>\n<meta name=\"twitter:label1\" content=\"Est. reading time\" \/>\n\t<meta name=\"twitter:data1\" content=\"1 minute\" \/>\n<script type=\"application\/ld+json\" class=\"yoast-schema-graph\">{\"@context\":\"https:\/\/schema.org\",\"@graph\":[{\"@type\":\"WebPage\",\"@id\":\"https:\/\/stage.gycom.com\/en\/about-us\/\",\"url\":\"https:\/\/stage.gycom.com\/en\/about-us\/\",\"name\":\"About us - Gycom\",\"isPartOf\":{\"@id\":\"https:\/\/stage.gycom.com\/#website\"},\"primaryImageOfPage\":{\"@id\":\"https:\/\/stage.gycom.com\/en\/about-us\/#primaryimage\"},\"image\":{\"@id\":\"https:\/\/stage.gycom.com\/en\/about-us\/#primaryimage\"},\"thumbnailUrl\":\"https:\/\/stage.gycom.com\/wp-content\/uploads\/2021\/08\/Gycom-Hand-scaled.jpg\",\"datePublished\":\"2021-08-31T15:41:27+00:00\",\"dateModified\":\"2021-08-31T17:13:19+00:00\",\"breadcrumb\":{\"@id\":\"https:\/\/stage.gycom.com\/en\/about-us\/#breadcrumb\"},\"inLanguage\":\"en-US\",\"potentialAction\":[{\"@type\":\"ReadAction\",\"target\":[\"https:\/\/stage.gycom.com\/en\/about-us\/\"]}]},{\"@type\":\"ImageObject\",\"inLanguage\":\"en-US\",\"@id\":\"https:\/\/stage.gycom.com\/en\/about-us\/#primaryimage\",\"url\":\"https:\/\/stage.gycom.com\/wp-content\/uploads\/2021\/08\/Gycom-Hand-scaled.jpg\",\"contentUrl\":\"https:\/\/stage.gycom.com\/wp-content\/uploads\/2021\/08\/Gycom-Hand-scaled.jpg\",\"width\":2560,\"height\":1707,\"caption\":\"The concept of network integration into any location in nature.\"},{\"@type\":\"BreadcrumbList\",\"@id\":\"https:\/\/stage.gycom.com\/en\/about-us\/#breadcrumb\",\"itemListElement\":[{\"@type\":\"ListItem\",\"position\":1,\"name\":\"Hem\",\"item\":\"https:\/\/stage.gycom.com\/en\/\"},{\"@type\":\"ListItem\",\"position\":2,\"name\":\"About us\"}]},{\"@type\":\"WebSite\",\"@id\":\"https:\/\/stage.gycom.com\/#website\",\"url\":\"https:\/\/stage.gycom.com\/\",\"name\":\"Gycom\",\"description\":\"R\u00e4tt energi f\u00f6r dina m\u00f6jligheter!\",\"publisher\":{\"@id\":\"https:\/\/stage.gycom.com\/#organization\"},\"potentialAction\":[{\"@type\":\"SearchAction\",\"target\":{\"@type\":\"EntryPoint\",\"urlTemplate\":\"https:\/\/stage.gycom.com\/?s={search_term_string}\"},\"query-input\":{\"@type\":\"PropertyValueSpecification\",\"valueRequired\":true,\"valueName\":\"search_term_string\"}}],\"inLanguage\":\"en-US\"},{\"@type\":\"Organization\",\"@id\":\"https:\/\/stage.gycom.com\/#organization\",\"name\":\"Gycom\",\"url\":\"https:\/\/stage.gycom.com\/\",\"logo\":{\"@type\":\"ImageObject\",\"inLanguage\":\"en-US\",\"@id\":\"https:\/\/stage.gycom.com\/#\/schema\/logo\/image\/\",\"url\":\"https:\/\/stage.gycom.com\/wp-content\/uploads\/2021\/09\/Animated-Logo_360x120.gif\",\"contentUrl\":\"https:\/\/stage.gycom.com\/wp-content\/uploads\/2021\/09\/Animated-Logo_360x120.gif\",\"width\":360,\"height\":120,\"caption\":\"Gycom\"},\"image\":{\"@id\":\"https:\/\/stage.gycom.com\/#\/schema\/logo\/image\/\"}}]}<\/script>\n<!-- \/ Yoast SEO Premium plugin. -->","yoast_head_json":{"title":"About us - Gycom","robots":{"index":"noindex","follow":"follow","max-snippet":"max-snippet:-1","max-image-preview":"max-image-preview:large","max-video-preview":"max-video-preview:-1"},"og_locale":"en_US","og_type":"article","og_title":"About us","og_description":"The right energy for your opportunities Gycom&#8217;s solutions are often not visible from the outside, but enable everything from energy efficiency to rocket launches and fighting of pirates. Our strength is to understand your challenge and design a uniquely matched automation solution that gives you new opportunities for success. Gycom, with roots from Sandblom &amp; [&hellip;]","og_url":"https:\/\/stage.gycom.com\/en\/about-us\/","og_site_name":"Gycom","article_modified_time":"2021-08-31T17:13:19+00:00","twitter_card":"summary_large_image","twitter_misc":{"Est. reading time":"1 minute"},"schema":{"@context":"https:\/\/schema.org","@graph":[{"@type":"WebPage","@id":"https:\/\/stage.gycom.com\/en\/about-us\/","url":"https:\/\/stage.gycom.com\/en\/about-us\/","name":"About us - Gycom","isPartOf":{"@id":"https:\/\/stage.gycom.com\/#website"},"primaryImageOfPage":{"@id":"https:\/\/stage.gycom.com\/en\/about-us\/#primaryimage"},"image":{"@id":"https:\/\/stage.gycom.com\/en\/about-us\/#primaryimage"},"thumbnailUrl":"https:\/\/stage.gycom.com\/wp-content\/uploads\/2021\/08\/Gycom-Hand-scaled.jpg","datePublished":"2021-08-31T15:41:27+00:00","dateModified":"2021-08-31T17:13:19+00:00","breadcrumb":{"@id":"https:\/\/stage.gycom.com\/en\/about-us\/#breadcrumb"},"inLanguage":"en-US","potentialAction":[{"@type":"ReadAction","target":["https:\/\/stage.gycom.com\/en\/about-us\/"]}]},{"@type":"ImageObject","inLanguage":"en-US","@id":"https:\/\/stage.gycom.com\/en\/about-us\/#primaryimage","url":"https:\/\/stage.gycom.com\/wp-content\/uploads\/2021\/08\/Gycom-Hand-scaled.jpg","contentUrl":"https:\/\/stage.gycom.com\/wp-content\/uploads\/2021\/08\/Gycom-Hand-scaled.jpg","width":2560,"height":1707,"caption":"The concept of network integration into any location in nature."},{"@type":"BreadcrumbList","@id":"https:\/\/stage.gycom.com\/en\/about-us\/#breadcrumb","itemListElement":[{"@type":"ListItem","position":1,"name":"Hem","item":"https:\/\/stage.gycom.com\/en\/"},{"@type":"ListItem","position":2,"name":"About us"}]},{"@type":"WebSite","@id":"https:\/\/stage.gycom.com\/#website","url":"https:\/\/stage.gycom.com\/","name":"Gycom","description":"R\u00e4tt energi f\u00f6r dina m\u00f6jligheter!","publisher":{"@id":"https:\/\/stage.gycom.com\/#organization"},"potentialAction":[{"@type":"SearchAction","target":{"@type":"EntryPoint","urlTemplate":"https:\/\/stage.gycom.com\/?s={search_term_string}"},"query-input":{"@type":"PropertyValueSpecification","valueRequired":true,"valueName":"search_term_string"}}],"inLanguage":"en-US"},{"@type":"Organization","@id":"https:\/\/stage.gycom.com\/#organization","name":"Gycom","url":"https:\/\/stage.gycom.com\/","logo":{"@type":"ImageObject","inLanguage":"en-US","@id":"https:\/\/stage.gycom.com\/#\/schema\/logo\/image\/","url":"https:\/\/stage.gycom.com\/wp-content\/uploads\/2021\/09\/Animated-Logo_360x120.gif","contentUrl":"https:\/\/stage.gycom.com\/wp-content\/uploads\/2021\/09\/Animated-Logo_360x120.gif","width":360,"height":120,"caption":"Gycom"},"image":{"@id":"https:\/\/stage.gycom.com\/#\/schema\/logo\/image\/"}}]}},"_links":{"self":[{"href":"https:\/\/stage.gycom.com\/en\/wp-json\/wp\/v2\/pages\/127298","targetHints":{"allow":["GET"]}}],"collection":[{"href":"https:\/\/stage.gycom.com\/en\/wp-json\/wp\/v2\/pages"}],"about":[{"href":"https:\/\/stage.gycom.com\/en\/wp-json\/wp\/v2\/types\/page"}],"author":[{"embeddable":true,"href":"https:\/\/stage.gycom.com\/en\/wp-json\/wp\/v2\/users\/1"}],"replies":[{"embeddable":true,"href":"https:\/\/stage.gycom.com\/en\/wp-json\/wp\/v2\/comments?post=127298"}],"version-history":[{"count":0,"href":"https:\/\/stage.gycom.com\/en\/wp-json\/wp\/v2\/pages\/127298\/revisions"}],"wp:featuredmedia":[{"embeddable":true,"href":"https:\/\/stage.gycom.com\/en\/wp-json\/wp\/v2\/media\/127170"}],"wp:attachment":[{"href":"https:\/\/stage.gycom.com\/en\/wp-json\/wp\/v2\/media?parent=127298"}],"curies":[{"name":"wp","href":"https:\/\/api.w.org\/{rel}","templated":true}]}}