{"id":127339,"date":"2021-08-31T17:02:09","date_gmt":"2021-08-31T16:02:09","guid":{"rendered":"https:\/\/stage.gycom.com\/?page_id=127339"},"modified":"2021-08-31T17:02:11","modified_gmt":"2021-08-31T16:02:11","slug":"automation","status":"publish","type":"page","link":"https:\/\/stage.gycom.com\/en\/automation\/","title":{"rendered":"Automation"},"content":{"rendered":"\n<p>At Gycom we develop complete&nbsp;control&nbsp;solutions within a wide range of applications, among others \u2013 firefighting, heat\/cold- management, ventilation, pump management&nbsp;and&nbsp;automation&nbsp;in&nbsp;ex-rated areas.&nbsp;<\/p>\n\n\n\n<h2 class=\"wp-block-heading\" id=\"h-automation\">Automation<\/h2>\n\n\n\n<p>Our application engineers make sure that you get well functioning, effective and environmentally friendly solutions that, of course, follows current directives and safety requirements.&nbsp;<\/p>\n\n\n\n<p>We&nbsp;guide&nbsp;you from idea, via design&nbsp;and development&nbsp;to delivery and commissioning&nbsp;in close contact with you.&nbsp;<\/p>\n\n\n\n<p>Gycom can help you with for example the following services;  &nbsp;<\/p>\n\n\n\n<ul class=\"wp-block-list\"><li>Project managment<\/li><li>System design<\/li><li>Electrical design of control cabinets<\/li><li>PLC- and HMI-programing<\/li><li>CE-marking<\/li><li>Commissioning<\/li><li>Installation<\/li><li>Education<\/li><\/ul>\n\n\n\n<p>To tailor drive equipment and speed control is one of our specialties. We have extensive experience of electric&nbsp;motors&nbsp;and transmissions&nbsp;which gives us the right knowledge to make the&nbsp;best choice for your specific needs. <\/p>\n\n\n\n<p>Our range includes everything from IEC-motors, custom-made motors, AC- and DC-motors and servomotors with and without positioning. Gycom also offers gear-, worm- and planetary gears.<\/p>\n\n\n\n<p>The range of motors and transmissions is accompanied by a wide range of frequency converters, soft starters and control of DC and servomotors.&nbsp;<\/p>\n\n\n\n<p>Our experienced and technically knowledgeable team guides you through the entire process. Together with our application engineers, we ensure that you get a well functioning, efficient and environmentally friendly design that complies with current directives and safety requirements.&nbsp;<\/p>\n\n\n\n<p>Do you need our help?<\/p>\n\n\n\n<p><a href=\"https:\/\/stage.gycom.com\/en\/contact-gycom\/\">Don&#8217;t hesitate to contact us!<\/a><\/p>\n","protected":false},"excerpt":{"rendered":"<p>At Gycom we develop complete&nbsp;control&nbsp;solutions within a wide range of applications, among others \u2013 firefighting, heat\/cold- management, ventilation, pump management&nbsp;and&nbsp;automation&nbsp;in&nbsp;ex-rated areas.&nbsp; Automation Our application engineers make sure that you get well functioning, effective and environmentally friendly solutions that, of course, follows current directives and safety requirements.&nbsp; We&nbsp;guide&nbsp;you from idea, via design&nbsp;and development&nbsp;to delivery and commissioning&nbsp;in [&hellip;]<\/p>\n","protected":false},"author":1,"featured_media":0,"parent":0,"menu_order":0,"comment_status":"closed","ping_status":"closed","template":"","meta":{"_acf_changed":false,"footnotes":""},"class_list":["post-127339","page","type-page","status-publish","hentry"],"acf":[],"yoast_head":"<!-- This site is optimized with the Yoast SEO Premium plugin v22.0 (Yoast SEO v25.1) - https:\/\/yoast.com\/wordpress\/plugins\/seo\/ -->\n<title>Automation - Gycom<\/title>\n<meta name=\"robots\" content=\"noindex, follow, max-snippet:-1, max-image-preview:large, max-video-preview:-1\" \/>\n<meta property=\"og:locale\" content=\"en_US\" \/>\n<meta property=\"og:type\" content=\"article\" \/>\n<meta property=\"og:title\" content=\"Automation\" \/>\n<meta property=\"og:description\" content=\"At Gycom we develop complete&nbsp;control&nbsp;solutions within a wide range of applications, among others \u2013 firefighting, heat\/cold- management, ventilation, pump management&nbsp;and&nbsp;automation&nbsp;in&nbsp;ex-rated areas.&nbsp; Automation Our application engineers make sure that you get well functioning, effective and environmentally friendly solutions that, of course, follows current directives and safety requirements.&nbsp; We&nbsp;guide&nbsp;you from idea, via design&nbsp;and development&nbsp;to delivery and commissioning&nbsp;in [&hellip;]\" \/>\n<meta property=\"og:url\" content=\"https:\/\/stage.gycom.com\/en\/automation\/\" \/>\n<meta property=\"og:site_name\" content=\"Gycom\" \/>\n<meta property=\"article:modified_time\" content=\"2021-08-31T16:02:11+00:00\" \/>\n<meta name=\"twitter:card\" content=\"summary_large_image\" \/>\n<meta name=\"twitter:label1\" content=\"Est. reading time\" \/>\n\t<meta name=\"twitter:data1\" content=\"1 minute\" \/>\n<script type=\"application\/ld+json\" class=\"yoast-schema-graph\">{\"@context\":\"https:\/\/schema.org\",\"@graph\":[{\"@type\":\"WebPage\",\"@id\":\"https:\/\/stage.gycom.com\/en\/automation\/\",\"url\":\"https:\/\/stage.gycom.com\/en\/automation\/\",\"name\":\"Automation - Gycom\",\"isPartOf\":{\"@id\":\"https:\/\/stage.gycom.com\/#website\"},\"datePublished\":\"2021-08-31T16:02:09+00:00\",\"dateModified\":\"2021-08-31T16:02:11+00:00\",\"breadcrumb\":{\"@id\":\"https:\/\/stage.gycom.com\/en\/automation\/#breadcrumb\"},\"inLanguage\":\"en-US\",\"potentialAction\":[{\"@type\":\"ReadAction\",\"target\":[\"https:\/\/stage.gycom.com\/en\/automation\/\"]}]},{\"@type\":\"BreadcrumbList\",\"@id\":\"https:\/\/stage.gycom.com\/en\/automation\/#breadcrumb\",\"itemListElement\":[{\"@type\":\"ListItem\",\"position\":1,\"name\":\"Hem\",\"item\":\"https:\/\/stage.gycom.com\/en\/\"},{\"@type\":\"ListItem\",\"position\":2,\"name\":\"Automation\"}]},{\"@type\":\"WebSite\",\"@id\":\"https:\/\/stage.gycom.com\/#website\",\"url\":\"https:\/\/stage.gycom.com\/\",\"name\":\"Gycom\",\"description\":\"R\u00e4tt energi f\u00f6r dina m\u00f6jligheter!\",\"publisher\":{\"@id\":\"https:\/\/stage.gycom.com\/#organization\"},\"potentialAction\":[{\"@type\":\"SearchAction\",\"target\":{\"@type\":\"EntryPoint\",\"urlTemplate\":\"https:\/\/stage.gycom.com\/?s={search_term_string}\"},\"query-input\":{\"@type\":\"PropertyValueSpecification\",\"valueRequired\":true,\"valueName\":\"search_term_string\"}}],\"inLanguage\":\"en-US\"},{\"@type\":\"Organization\",\"@id\":\"https:\/\/stage.gycom.com\/#organization\",\"name\":\"Gycom\",\"url\":\"https:\/\/stage.gycom.com\/\",\"logo\":{\"@type\":\"ImageObject\",\"inLanguage\":\"en-US\",\"@id\":\"https:\/\/stage.gycom.com\/#\/schema\/logo\/image\/\",\"url\":\"https:\/\/stage.gycom.com\/wp-content\/uploads\/2021\/09\/Animated-Logo_360x120.gif\",\"contentUrl\":\"https:\/\/stage.gycom.com\/wp-content\/uploads\/2021\/09\/Animated-Logo_360x120.gif\",\"width\":360,\"height\":120,\"caption\":\"Gycom\"},\"image\":{\"@id\":\"https:\/\/stage.gycom.com\/#\/schema\/logo\/image\/\"}}]}<\/script>\n<!-- \/ Yoast SEO Premium plugin. -->","yoast_head_json":{"title":"Automation - Gycom","robots":{"index":"noindex","follow":"follow","max-snippet":"max-snippet:-1","max-image-preview":"max-image-preview:large","max-video-preview":"max-video-preview:-1"},"og_locale":"en_US","og_type":"article","og_title":"Automation","og_description":"At Gycom we develop complete&nbsp;control&nbsp;solutions within a wide range of applications, among others \u2013 firefighting, heat\/cold- management, ventilation, pump management&nbsp;and&nbsp;automation&nbsp;in&nbsp;ex-rated areas.&nbsp; Automation Our application engineers make sure that you get well functioning, effective and environmentally friendly solutions that, of course, follows current directives and safety requirements.&nbsp; We&nbsp;guide&nbsp;you from idea, via design&nbsp;and development&nbsp;to delivery and commissioning&nbsp;in [&hellip;]","og_url":"https:\/\/stage.gycom.com\/en\/automation\/","og_site_name":"Gycom","article_modified_time":"2021-08-31T16:02:11+00:00","twitter_card":"summary_large_image","twitter_misc":{"Est. reading time":"1 minute"},"schema":{"@context":"https:\/\/schema.org","@graph":[{"@type":"WebPage","@id":"https:\/\/stage.gycom.com\/en\/automation\/","url":"https:\/\/stage.gycom.com\/en\/automation\/","name":"Automation - Gycom","isPartOf":{"@id":"https:\/\/stage.gycom.com\/#website"},"datePublished":"2021-08-31T16:02:09+00:00","dateModified":"2021-08-31T16:02:11+00:00","breadcrumb":{"@id":"https:\/\/stage.gycom.com\/en\/automation\/#breadcrumb"},"inLanguage":"en-US","potentialAction":[{"@type":"ReadAction","target":["https:\/\/stage.gycom.com\/en\/automation\/"]}]},{"@type":"BreadcrumbList","@id":"https:\/\/stage.gycom.com\/en\/automation\/#breadcrumb","itemListElement":[{"@type":"ListItem","position":1,"name":"Hem","item":"https:\/\/stage.gycom.com\/en\/"},{"@type":"ListItem","position":2,"name":"Automation"}]},{"@type":"WebSite","@id":"https:\/\/stage.gycom.com\/#website","url":"https:\/\/stage.gycom.com\/","name":"Gycom","description":"R\u00e4tt energi f\u00f6r dina m\u00f6jligheter!","publisher":{"@id":"https:\/\/stage.gycom.com\/#organization"},"potentialAction":[{"@type":"SearchAction","target":{"@type":"EntryPoint","urlTemplate":"https:\/\/stage.gycom.com\/?s={search_term_string}"},"query-input":{"@type":"PropertyValueSpecification","valueRequired":true,"valueName":"search_term_string"}}],"inLanguage":"en-US"},{"@type":"Organization","@id":"https:\/\/stage.gycom.com\/#organization","name":"Gycom","url":"https:\/\/stage.gycom.com\/","logo":{"@type":"ImageObject","inLanguage":"en-US","@id":"https:\/\/stage.gycom.com\/#\/schema\/logo\/image\/","url":"https:\/\/stage.gycom.com\/wp-content\/uploads\/2021\/09\/Animated-Logo_360x120.gif","contentUrl":"https:\/\/stage.gycom.com\/wp-content\/uploads\/2021\/09\/Animated-Logo_360x120.gif","width":360,"height":120,"caption":"Gycom"},"image":{"@id":"https:\/\/stage.gycom.com\/#\/schema\/logo\/image\/"}}]}},"_links":{"self":[{"href":"https:\/\/stage.gycom.com\/en\/wp-json\/wp\/v2\/pages\/127339","targetHints":{"allow":["GET"]}}],"collection":[{"href":"https:\/\/stage.gycom.com\/en\/wp-json\/wp\/v2\/pages"}],"about":[{"href":"https:\/\/stage.gycom.com\/en\/wp-json\/wp\/v2\/types\/page"}],"author":[{"embeddable":true,"href":"https:\/\/stage.gycom.com\/en\/wp-json\/wp\/v2\/users\/1"}],"replies":[{"embeddable":true,"href":"https:\/\/stage.gycom.com\/en\/wp-json\/wp\/v2\/comments?post=127339"}],"version-history":[{"count":0,"href":"https:\/\/stage.gycom.com\/en\/wp-json\/wp\/v2\/pages\/127339\/revisions"}],"wp:attachment":[{"href":"https:\/\/stage.gycom.com\/en\/wp-json\/wp\/v2\/media?parent=127339"}],"curies":[{"name":"wp","href":"https:\/\/api.w.org\/{rel}","templated":true}]}}