{"id":127472,"date":"2021-09-06T15:31:21","date_gmt":"2021-09-06T14:31:21","guid":{"rendered":"https:\/\/stage.gycom.com\/?page_id=127472"},"modified":"2021-09-06T15:31:25","modified_gmt":"2021-09-06T14:31:25","slug":"thank-you-for-contacting-us","status":"publish","type":"page","link":"https:\/\/stage.gycom.com\/en\/thank-you-for-contacting-us\/","title":{"rendered":"Thank you for contacting us!"},"content":{"rendered":"\n\n\n<div style=\"height:100px\" aria-hidden=\"true\" class=\"wp-block-spacer\"><\/div>\n\n\n\n<p>Thank you for contacting Gycom!<\/p>\n\n\n\n<p>We have received your contact details and will get back to you as soon as possible!<\/p>\n\n\n\n<p>In the mean time, why not follow us on <a href=\"https:\/\/www.linkedin.com\/company\/gycom\/\" target=\"_blank\" rel=\"noreferrer noopener\">LinkedIn <\/a>for the latest news?<\/p>\n\n\n\n<p>If your matter is urgent, do not hesitate to contact us +46 10 122 17 06 <\/p>\n\n\n\n<div style=\"height:100px\" aria-hidden=\"true\" class=\"wp-block-spacer\"><\/div>\n","protected":false},"excerpt":{"rendered":"<p>Thank you for contacting Gycom! We have received your contact details and will get back to you as soon as possible! In the mean time, why not follow us on LinkedIn for the latest news? If your matter is urgent, do not hesitate to contact us +46 10 122 17 06<\/p>\n","protected":false},"author":2,"featured_media":0,"parent":0,"menu_order":0,"comment_status":"closed","ping_status":"closed","template":"","meta":{"_acf_changed":false,"footnotes":""},"class_list":["post-127472","page","type-page","status-publish","hentry"],"acf":[],"yoast_head":"<!-- This site is optimized with the Yoast SEO Premium plugin v22.0 (Yoast SEO v25.1) - https:\/\/yoast.com\/wordpress\/plugins\/seo\/ -->\n<title>Thank you for contacting us! - Gycom<\/title>\n<meta name=\"robots\" content=\"noindex, nofollow, max-snippet:-1, max-image-preview:large, max-video-preview:-1\" \/>\n<meta property=\"og:locale\" content=\"en_US\" \/>\n<meta property=\"og:type\" content=\"article\" \/>\n<meta property=\"og:title\" content=\"Thank you for contacting us!\" \/>\n<meta property=\"og:description\" content=\"Thank you for contacting Gycom! We have received your contact details and will get back to you as soon as possible! In the mean time, why not follow us on LinkedIn for the latest news? If your matter is urgent, do not hesitate to contact us +46 10 122 17 06\" \/>\n<meta property=\"og:url\" content=\"https:\/\/stage.gycom.com\/en\/thank-you-for-contacting-us\/\" \/>\n<meta property=\"og:site_name\" content=\"Gycom\" \/>\n<meta property=\"article:modified_time\" content=\"2021-09-06T14:31:25+00:00\" \/>\n<meta name=\"twitter:card\" content=\"summary_large_image\" \/>\n<meta name=\"twitter:label1\" content=\"Est. reading time\" \/>\n\t<meta name=\"twitter:data1\" content=\"1 minute\" \/>\n<script type=\"application\/ld+json\" class=\"yoast-schema-graph\">{\"@context\":\"https:\/\/schema.org\",\"@graph\":[{\"@type\":\"WebPage\",\"@id\":\"https:\/\/stage.gycom.com\/en\/thank-you-for-contacting-us\/\",\"url\":\"https:\/\/stage.gycom.com\/en\/thank-you-for-contacting-us\/\",\"name\":\"Thank you for contacting us! - Gycom\",\"isPartOf\":{\"@id\":\"https:\/\/stage.gycom.com\/#website\"},\"datePublished\":\"2021-09-06T14:31:21+00:00\",\"dateModified\":\"2021-09-06T14:31:25+00:00\",\"breadcrumb\":{\"@id\":\"https:\/\/stage.gycom.com\/en\/thank-you-for-contacting-us\/#breadcrumb\"},\"inLanguage\":\"en-US\",\"potentialAction\":[{\"@type\":\"ReadAction\",\"target\":[\"https:\/\/stage.gycom.com\/en\/thank-you-for-contacting-us\/\"]}]},{\"@type\":\"BreadcrumbList\",\"@id\":\"https:\/\/stage.gycom.com\/en\/thank-you-for-contacting-us\/#breadcrumb\",\"itemListElement\":[{\"@type\":\"ListItem\",\"position\":1,\"name\":\"Hem\",\"item\":\"https:\/\/stage.gycom.com\/en\/\"},{\"@type\":\"ListItem\",\"position\":2,\"name\":\"Thank you for contacting us!\"}]},{\"@type\":\"WebSite\",\"@id\":\"https:\/\/stage.gycom.com\/#website\",\"url\":\"https:\/\/stage.gycom.com\/\",\"name\":\"Gycom\",\"description\":\"R\u00e4tt energi f\u00f6r dina m\u00f6jligheter!\",\"publisher\":{\"@id\":\"https:\/\/stage.gycom.com\/#organization\"},\"potentialAction\":[{\"@type\":\"SearchAction\",\"target\":{\"@type\":\"EntryPoint\",\"urlTemplate\":\"https:\/\/stage.gycom.com\/?s={search_term_string}\"},\"query-input\":{\"@type\":\"PropertyValueSpecification\",\"valueRequired\":true,\"valueName\":\"search_term_string\"}}],\"inLanguage\":\"en-US\"},{\"@type\":\"Organization\",\"@id\":\"https:\/\/stage.gycom.com\/#organization\",\"name\":\"Gycom\",\"url\":\"https:\/\/stage.gycom.com\/\",\"logo\":{\"@type\":\"ImageObject\",\"inLanguage\":\"en-US\",\"@id\":\"https:\/\/stage.gycom.com\/#\/schema\/logo\/image\/\",\"url\":\"https:\/\/stage.gycom.com\/wp-content\/uploads\/2021\/09\/Animated-Logo_360x120.gif\",\"contentUrl\":\"https:\/\/stage.gycom.com\/wp-content\/uploads\/2021\/09\/Animated-Logo_360x120.gif\",\"width\":360,\"height\":120,\"caption\":\"Gycom\"},\"image\":{\"@id\":\"https:\/\/stage.gycom.com\/#\/schema\/logo\/image\/\"}}]}<\/script>\n<!-- \/ Yoast SEO Premium plugin. -->","yoast_head_json":{"title":"Thank you for contacting us! - Gycom","robots":{"index":"noindex","follow":"nofollow","max-snippet":"max-snippet:-1","max-image-preview":"max-image-preview:large","max-video-preview":"max-video-preview:-1"},"og_locale":"en_US","og_type":"article","og_title":"Thank you for contacting us!","og_description":"Thank you for contacting Gycom! We have received your contact details and will get back to you as soon as possible! In the mean time, why not follow us on LinkedIn for the latest news? If your matter is urgent, do not hesitate to contact us +46 10 122 17 06","og_url":"https:\/\/stage.gycom.com\/en\/thank-you-for-contacting-us\/","og_site_name":"Gycom","article_modified_time":"2021-09-06T14:31:25+00:00","twitter_card":"summary_large_image","twitter_misc":{"Est. reading time":"1 minute"},"schema":{"@context":"https:\/\/schema.org","@graph":[{"@type":"WebPage","@id":"https:\/\/stage.gycom.com\/en\/thank-you-for-contacting-us\/","url":"https:\/\/stage.gycom.com\/en\/thank-you-for-contacting-us\/","name":"Thank you for contacting us! - Gycom","isPartOf":{"@id":"https:\/\/stage.gycom.com\/#website"},"datePublished":"2021-09-06T14:31:21+00:00","dateModified":"2021-09-06T14:31:25+00:00","breadcrumb":{"@id":"https:\/\/stage.gycom.com\/en\/thank-you-for-contacting-us\/#breadcrumb"},"inLanguage":"en-US","potentialAction":[{"@type":"ReadAction","target":["https:\/\/stage.gycom.com\/en\/thank-you-for-contacting-us\/"]}]},{"@type":"BreadcrumbList","@id":"https:\/\/stage.gycom.com\/en\/thank-you-for-contacting-us\/#breadcrumb","itemListElement":[{"@type":"ListItem","position":1,"name":"Hem","item":"https:\/\/stage.gycom.com\/en\/"},{"@type":"ListItem","position":2,"name":"Thank you for contacting us!"}]},{"@type":"WebSite","@id":"https:\/\/stage.gycom.com\/#website","url":"https:\/\/stage.gycom.com\/","name":"Gycom","description":"R\u00e4tt energi f\u00f6r dina m\u00f6jligheter!","publisher":{"@id":"https:\/\/stage.gycom.com\/#organization"},"potentialAction":[{"@type":"SearchAction","target":{"@type":"EntryPoint","urlTemplate":"https:\/\/stage.gycom.com\/?s={search_term_string}"},"query-input":{"@type":"PropertyValueSpecification","valueRequired":true,"valueName":"search_term_string"}}],"inLanguage":"en-US"},{"@type":"Organization","@id":"https:\/\/stage.gycom.com\/#organization","name":"Gycom","url":"https:\/\/stage.gycom.com\/","logo":{"@type":"ImageObject","inLanguage":"en-US","@id":"https:\/\/stage.gycom.com\/#\/schema\/logo\/image\/","url":"https:\/\/stage.gycom.com\/wp-content\/uploads\/2021\/09\/Animated-Logo_360x120.gif","contentUrl":"https:\/\/stage.gycom.com\/wp-content\/uploads\/2021\/09\/Animated-Logo_360x120.gif","width":360,"height":120,"caption":"Gycom"},"image":{"@id":"https:\/\/stage.gycom.com\/#\/schema\/logo\/image\/"}}]}},"_links":{"self":[{"href":"https:\/\/stage.gycom.com\/en\/wp-json\/wp\/v2\/pages\/127472","targetHints":{"allow":["GET"]}}],"collection":[{"href":"https:\/\/stage.gycom.com\/en\/wp-json\/wp\/v2\/pages"}],"about":[{"href":"https:\/\/stage.gycom.com\/en\/wp-json\/wp\/v2\/types\/page"}],"author":[{"embeddable":true,"href":"https:\/\/stage.gycom.com\/en\/wp-json\/wp\/v2\/users\/2"}],"replies":[{"embeddable":true,"href":"https:\/\/stage.gycom.com\/en\/wp-json\/wp\/v2\/comments?post=127472"}],"version-history":[{"count":0,"href":"https:\/\/stage.gycom.com\/en\/wp-json\/wp\/v2\/pages\/127472\/revisions"}],"wp:attachment":[{"href":"https:\/\/stage.gycom.com\/en\/wp-json\/wp\/v2\/media?parent=127472"}],"curies":[{"name":"wp","href":"https:\/\/api.w.org\/{rel}","templated":true}]}}