{"id":138010,"date":"2021-11-02T16:18:09","date_gmt":"2021-11-02T15:18:09","guid":{"rendered":"https:\/\/stage.gycom.com\/?page_id=138010"},"modified":"2021-11-03T09:58:18","modified_gmt":"2021-11-03T08:58:18","slug":"whistleblowing","status":"publish","type":"page","link":"https:\/\/stage.gycom.com\/en\/about-us\/whistleblowing\/","title":{"rendered":"Whistleblower"},"content":{"rendered":"\n<div class=\"wp-block-group alignfull is-layout-flow wp-block-group-is-layout-flow\"><section id=\"hero-block_6181592ad38a5\" class=\"neq-hero-block alignfull\">\n    <div class=\"hero\">\n        <div class=\"neq-hero-image  stroke-width-2 \" role=\"img\"  aria-label=\"Man walking and balancing on rope over precipice in mountains at sunset\"  style=background-image:url(https:\/\/stage.gycom.com\/wp-content\/uploads\/Risk.jpg)><\/div>\n            <div class=\"neq-hero-text has-background has-gycom-black-background-color\"><div class=\"inner\">\n                    <h1 class=\"hero-title\">Whistleblower<\/h1>                     <p class=\"hero-text\"><\/p>                            <\/div>\n        <\/div>\n    <\/div>\n<\/section>\n<\/div>\n\n\n\n<h2 class=\"wp-block-heading\" id=\"h-gycom-wants-to-do-the-right-thing\">Gycom wants to do the right thing<\/h2>\n\n\n\n<p>We strive to maintain an open business climate and a high level of business ethics. For us safety and respect for people who are affected by the work we do is very important and there you have an important role to play, for us to be successfull!<\/p>\n\n\n\n<h2 class=\"wp-block-heading\" id=\"h-our-whistleblower-system\">Our whistleblower system<\/h2>\n\n\n\n<p>The whistleblower system gives you an opportunity to inform about a suspicion of a serious misconduct. In this way, we can get information early on, that allows us to reduce risks. It is important to ensure that the company is managed properly and ensure that our customers and the public\u2019s trust in us is maintained.<\/p>\n\n\n\n<p>If you work at Gycom, we encourage you to turn to a manager in the first instance<\/p>\n\n\n\n<h2 class=\"wp-block-heading\" id=\"h-when-should-i-use-the-whistleblower-system\">When should I use the whistleblower system?<\/h2>\n\n\n\n<p>The whistleblower system should be used to provide information if you have a concern about something that is not in line with Gycoms\u2019 values, principles, violates laws or our ethical rules and that can seriously affect our business or someone\u2019s life or health. You do not have to have proof of your suspicion, but all messages must be given in good faith.<\/p>\n\n\n\n<p>The reporting is made to Gycoms parent company:&nbsp;<a href=\"mailto:whistleblower@enequi.com\">whistleblower@enequi.com<\/a><\/p>\n\n\n\n<p>All reporting is anonymous and is described in the following documents:<\/p>\n\n\n\n<div class=\"wp-block-buttons is-content-justification-center is-layout-flex wp-block-buttons-is-layout-flex\">\n<div class=\"wp-block-button\"><a class=\"wp-block-button__link has-neq-white-color has-neq-red-background-color has-text-color has-background no-border-radius\" href=\"https:\/\/www.enequi.com?fetch=whistleblower\" target=\"_blank\" rel=\"noreferrer noopener\">Read more&#8230;<\/a><\/div>\n<\/div>\n\n\n\n<div style=\"height:100px\" aria-hidden=\"true\" class=\"wp-block-spacer\"><\/div>\n","protected":false},"excerpt":{"rendered":"<p>Gycom wants to do the right thing We strive to maintain an open business climate and a high level of business ethics. For us safety and respect for people who are affected by the work we do is very important and there you have an important role to play, for us to be successfull! Our [&hellip;]<\/p>\n","protected":false},"author":2,"featured_media":138004,"parent":127298,"menu_order":0,"comment_status":"closed","ping_status":"closed","template":"","meta":{"_acf_changed":false,"footnotes":""},"class_list":["post-138010","page","type-page","status-publish","has-post-thumbnail","hentry"],"acf":[],"yoast_head":"<!-- This site is optimized with the Yoast SEO Premium plugin v22.0 (Yoast SEO v25.1) - https:\/\/yoast.com\/wordpress\/plugins\/seo\/ -->\n<title>Whistleblower - Gycom<\/title>\n<meta name=\"description\" content=\"Gycom wants to do the right thing! Read more about whistleblowing, an open business climate and a high level of business ethics .\" \/>\n<meta name=\"robots\" content=\"noindex, follow, max-snippet:-1, max-image-preview:large, max-video-preview:-1\" \/>\n<meta property=\"og:locale\" content=\"en_US\" \/>\n<meta property=\"og:type\" content=\"article\" \/>\n<meta property=\"og:title\" content=\"Whistleblower\" \/>\n<meta property=\"og:description\" content=\"Gycom wants to do the right thing! Read more about whistleblowing, an open business climate and a high level of business ethics .\" \/>\n<meta property=\"og:url\" content=\"https:\/\/stage.gycom.com\/en\/about-us\/whistleblowing\/\" \/>\n<meta property=\"og:site_name\" content=\"Gycom\" \/>\n<meta property=\"article:modified_time\" content=\"2021-11-03T08:58:18+00:00\" \/>\n<meta property=\"og:image\" content=\"https:\/\/media.gycom.com\/Risk.jpg\" \/>\n\t<meta property=\"og:image:width\" content=\"2121\" \/>\n\t<meta property=\"og:image:height\" content=\"1414\" \/>\n\t<meta property=\"og:image:type\" content=\"image\/jpeg\" \/>\n<meta name=\"twitter:card\" content=\"summary_large_image\" \/>\n<meta name=\"twitter:label1\" content=\"Est. reading time\" \/>\n\t<meta name=\"twitter:data1\" content=\"1 minute\" \/>\n<script type=\"application\/ld+json\" class=\"yoast-schema-graph\">{\"@context\":\"https:\/\/schema.org\",\"@graph\":[{\"@type\":\"WebPage\",\"@id\":\"https:\/\/stage.gycom.com\/en\/about-us\/whistleblowing\/\",\"url\":\"https:\/\/stage.gycom.com\/en\/about-us\/whistleblowing\/\",\"name\":\"Whistleblower - Gycom\",\"isPartOf\":{\"@id\":\"https:\/\/stage.gycom.com\/#website\"},\"primaryImageOfPage\":{\"@id\":\"https:\/\/stage.gycom.com\/en\/about-us\/whistleblowing\/#primaryimage\"},\"image\":{\"@id\":\"https:\/\/stage.gycom.com\/en\/about-us\/whistleblowing\/#primaryimage\"},\"thumbnailUrl\":\"https:\/\/stage.gycom.com\/wp-content\/uploads\/Risk.jpg\",\"datePublished\":\"2021-11-02T15:18:09+00:00\",\"dateModified\":\"2021-11-03T08:58:18+00:00\",\"description\":\"Gycom wants to do the right thing! Read more about whistleblowing, an open business climate and a high level of business ethics .\",\"breadcrumb\":{\"@id\":\"https:\/\/stage.gycom.com\/en\/about-us\/whistleblowing\/#breadcrumb\"},\"inLanguage\":\"en-US\",\"potentialAction\":[{\"@type\":\"ReadAction\",\"target\":[\"https:\/\/stage.gycom.com\/en\/about-us\/whistleblowing\/\"]}]},{\"@type\":\"ImageObject\",\"inLanguage\":\"en-US\",\"@id\":\"https:\/\/stage.gycom.com\/en\/about-us\/whistleblowing\/#primaryimage\",\"url\":\"https:\/\/stage.gycom.com\/wp-content\/uploads\/Risk.jpg\",\"contentUrl\":\"https:\/\/stage.gycom.com\/wp-content\/uploads\/Risk.jpg\",\"width\":2121,\"height\":1414,\"caption\":\"Man walking and balancing on rope over precipice in mountains at sunset. Concept of business, risk taking, challenge, concentration.\"},{\"@type\":\"BreadcrumbList\",\"@id\":\"https:\/\/stage.gycom.com\/en\/about-us\/whistleblowing\/#breadcrumb\",\"itemListElement\":[{\"@type\":\"ListItem\",\"position\":1,\"name\":\"Hem\",\"item\":\"https:\/\/stage.gycom.com\/en\/\"},{\"@type\":\"ListItem\",\"position\":2,\"name\":\"About us\",\"item\":\"https:\/\/stage.gycom.com\/en\/about-us\/\"},{\"@type\":\"ListItem\",\"position\":3,\"name\":\"Whistleblower\"}]},{\"@type\":\"WebSite\",\"@id\":\"https:\/\/stage.gycom.com\/#website\",\"url\":\"https:\/\/stage.gycom.com\/\",\"name\":\"Gycom\",\"description\":\"R\u00e4tt energi f\u00f6r dina m\u00f6jligheter!\",\"publisher\":{\"@id\":\"https:\/\/stage.gycom.com\/#organization\"},\"potentialAction\":[{\"@type\":\"SearchAction\",\"target\":{\"@type\":\"EntryPoint\",\"urlTemplate\":\"https:\/\/stage.gycom.com\/?s={search_term_string}\"},\"query-input\":{\"@type\":\"PropertyValueSpecification\",\"valueRequired\":true,\"valueName\":\"search_term_string\"}}],\"inLanguage\":\"en-US\"},{\"@type\":\"Organization\",\"@id\":\"https:\/\/stage.gycom.com\/#organization\",\"name\":\"Gycom\",\"url\":\"https:\/\/stage.gycom.com\/\",\"logo\":{\"@type\":\"ImageObject\",\"inLanguage\":\"en-US\",\"@id\":\"https:\/\/stage.gycom.com\/#\/schema\/logo\/image\/\",\"url\":\"https:\/\/stage.gycom.com\/wp-content\/uploads\/2021\/09\/Animated-Logo_360x120.gif\",\"contentUrl\":\"https:\/\/stage.gycom.com\/wp-content\/uploads\/2021\/09\/Animated-Logo_360x120.gif\",\"width\":360,\"height\":120,\"caption\":\"Gycom\"},\"image\":{\"@id\":\"https:\/\/stage.gycom.com\/#\/schema\/logo\/image\/\"}}]}<\/script>\n<!-- \/ Yoast SEO Premium plugin. -->","yoast_head_json":{"title":"Whistleblower - Gycom","description":"Gycom wants to do the right thing! Read more about whistleblowing, an open business climate and a high level of business ethics .","robots":{"index":"noindex","follow":"follow","max-snippet":"max-snippet:-1","max-image-preview":"max-image-preview:large","max-video-preview":"max-video-preview:-1"},"og_locale":"en_US","og_type":"article","og_title":"Whistleblower","og_description":"Gycom wants to do the right thing! Read more about whistleblowing, an open business climate and a high level of business ethics .","og_url":"https:\/\/stage.gycom.com\/en\/about-us\/whistleblowing\/","og_site_name":"Gycom","article_modified_time":"2021-11-03T08:58:18+00:00","og_image":[{"width":2121,"height":1414,"url":"https:\/\/media.gycom.com\/Risk.jpg","type":"image\/jpeg"}],"twitter_card":"summary_large_image","twitter_misc":{"Est. reading time":"1 minute"},"schema":{"@context":"https:\/\/schema.org","@graph":[{"@type":"WebPage","@id":"https:\/\/stage.gycom.com\/en\/about-us\/whistleblowing\/","url":"https:\/\/stage.gycom.com\/en\/about-us\/whistleblowing\/","name":"Whistleblower - Gycom","isPartOf":{"@id":"https:\/\/stage.gycom.com\/#website"},"primaryImageOfPage":{"@id":"https:\/\/stage.gycom.com\/en\/about-us\/whistleblowing\/#primaryimage"},"image":{"@id":"https:\/\/stage.gycom.com\/en\/about-us\/whistleblowing\/#primaryimage"},"thumbnailUrl":"https:\/\/stage.gycom.com\/wp-content\/uploads\/Risk.jpg","datePublished":"2021-11-02T15:18:09+00:00","dateModified":"2021-11-03T08:58:18+00:00","description":"Gycom wants to do the right thing! Read more about whistleblowing, an open business climate and a high level of business ethics .","breadcrumb":{"@id":"https:\/\/stage.gycom.com\/en\/about-us\/whistleblowing\/#breadcrumb"},"inLanguage":"en-US","potentialAction":[{"@type":"ReadAction","target":["https:\/\/stage.gycom.com\/en\/about-us\/whistleblowing\/"]}]},{"@type":"ImageObject","inLanguage":"en-US","@id":"https:\/\/stage.gycom.com\/en\/about-us\/whistleblowing\/#primaryimage","url":"https:\/\/stage.gycom.com\/wp-content\/uploads\/Risk.jpg","contentUrl":"https:\/\/stage.gycom.com\/wp-content\/uploads\/Risk.jpg","width":2121,"height":1414,"caption":"Man walking and balancing on rope over precipice in mountains at sunset. Concept of business, risk taking, challenge, concentration."},{"@type":"BreadcrumbList","@id":"https:\/\/stage.gycom.com\/en\/about-us\/whistleblowing\/#breadcrumb","itemListElement":[{"@type":"ListItem","position":1,"name":"Hem","item":"https:\/\/stage.gycom.com\/en\/"},{"@type":"ListItem","position":2,"name":"About us","item":"https:\/\/stage.gycom.com\/en\/about-us\/"},{"@type":"ListItem","position":3,"name":"Whistleblower"}]},{"@type":"WebSite","@id":"https:\/\/stage.gycom.com\/#website","url":"https:\/\/stage.gycom.com\/","name":"Gycom","description":"R\u00e4tt energi f\u00f6r dina m\u00f6jligheter!","publisher":{"@id":"https:\/\/stage.gycom.com\/#organization"},"potentialAction":[{"@type":"SearchAction","target":{"@type":"EntryPoint","urlTemplate":"https:\/\/stage.gycom.com\/?s={search_term_string}"},"query-input":{"@type":"PropertyValueSpecification","valueRequired":true,"valueName":"search_term_string"}}],"inLanguage":"en-US"},{"@type":"Organization","@id":"https:\/\/stage.gycom.com\/#organization","name":"Gycom","url":"https:\/\/stage.gycom.com\/","logo":{"@type":"ImageObject","inLanguage":"en-US","@id":"https:\/\/stage.gycom.com\/#\/schema\/logo\/image\/","url":"https:\/\/stage.gycom.com\/wp-content\/uploads\/2021\/09\/Animated-Logo_360x120.gif","contentUrl":"https:\/\/stage.gycom.com\/wp-content\/uploads\/2021\/09\/Animated-Logo_360x120.gif","width":360,"height":120,"caption":"Gycom"},"image":{"@id":"https:\/\/stage.gycom.com\/#\/schema\/logo\/image\/"}}]}},"_links":{"self":[{"href":"https:\/\/stage.gycom.com\/en\/wp-json\/wp\/v2\/pages\/138010","targetHints":{"allow":["GET"]}}],"collection":[{"href":"https:\/\/stage.gycom.com\/en\/wp-json\/wp\/v2\/pages"}],"about":[{"href":"https:\/\/stage.gycom.com\/en\/wp-json\/wp\/v2\/types\/page"}],"author":[{"embeddable":true,"href":"https:\/\/stage.gycom.com\/en\/wp-json\/wp\/v2\/users\/2"}],"replies":[{"embeddable":true,"href":"https:\/\/stage.gycom.com\/en\/wp-json\/wp\/v2\/comments?post=138010"}],"version-history":[{"count":0,"href":"https:\/\/stage.gycom.com\/en\/wp-json\/wp\/v2\/pages\/138010\/revisions"}],"up":[{"embeddable":true,"href":"https:\/\/stage.gycom.com\/en\/wp-json\/wp\/v2\/pages\/127298"}],"wp:featuredmedia":[{"embeddable":true,"href":"https:\/\/stage.gycom.com\/en\/wp-json\/wp\/v2\/media\/138004"}],"wp:attachment":[{"href":"https:\/\/stage.gycom.com\/en\/wp-json\/wp\/v2\/media?parent=138010"}],"curies":[{"name":"wp","href":"https:\/\/api.w.org\/{rel}","templated":true}]}}