{"id":177,"date":"2020-12-18T13:15:52","date_gmt":"2020-12-18T13:15:52","guid":{"rendered":"https:\/\/stage.gycom.com.loopiadns.com\/hem\/"},"modified":"2021-09-01T07:47:18","modified_gmt":"2021-09-01T06:47:18","slug":"gycom-home","status":"publish","type":"page","link":"https:\/\/stage.gycom.com\/en\/","title":{"rendered":"Home"},"content":{"rendered":"\n\n\n<div style=\"height:46px\" aria-hidden=\"true\" class=\"wp-block-spacer\"><\/div>\n\n\n\n<p class=\"has-large-font-size\">We design your opportunities<\/p>\n\n\n\n<p>We live in a time where more and more processes and functions become invisible to our eye. We are surrounded by systems that operate in the hidden to help, protect, guide and create value for us. <\/p>\n\n\n\n<p>In this world, we at Gycom are a driving force. With our knowledge and creativity in automation and energy design, we make it possible to control, facilitate and improve our lives. We listen carefully to understand the challenge and look beyond today&#8217;s solutions to design new opportunities for success. <\/p>\n\n\n\n<p>At Gycom, we are curious about the prerequisites, because they are the starting point for the solutions. We like the problems, because they create space for the opportunities. And we take on the challenges, because they lead the way to the results.  <\/p>\n\n\n\n<p>We are far-sighted, we see new paths and we see the goal.  We are Gycom.<\/p>\n\n\n\n<div style=\"height:50px\" aria-hidden=\"true\" class=\"wp-block-spacer\"><\/div>\n\n\n\n<div style=\"height:27px\" aria-hidden=\"true\" class=\"wp-block-spacer\"><\/div>\n\n\n\n<div class=\"wp-block-columns alignwide is-layout-flex wp-container-core-columns-is-layout-1 wp-block-columns-is-layout-flex\">\n<div class=\"wp-block-column is-layout-flow wp-block-column-is-layout-flow\">\n<figure class=\"wp-block-image alignfull size-large\"><img decoding=\"async\" width=\"1024\" height=\"683\" src=\"https:\/\/media.gycom.com\/2021\/08\/Gycom-design-1024x683.jpg\" alt=\"Woman with computer in sunlight\" class=\"wp-image-127178\" srcset=\"https:\/\/stage.gycom.com\/wp-content\/uploads\/2021\/08\/Gycom-design-1024x683.jpg 1024w, https:\/\/stage.gycom.com\/wp-content\/uploads\/2021\/08\/Gycom-design-300x200.jpg 300w, https:\/\/stage.gycom.com\/wp-content\/uploads\/2021\/08\/Gycom-design-768x512.jpg 768w, https:\/\/stage.gycom.com\/wp-content\/uploads\/2021\/08\/Gycom-design-1536x1024.jpg 1536w, https:\/\/stage.gycom.com\/wp-content\/uploads\/2021\/08\/Gycom-design-2048x1365.jpg 2048w, https:\/\/stage.gycom.com\/wp-content\/uploads\/2021\/08\/Gycom-design-200x133.jpg 200w, https:\/\/stage.gycom.com\/wp-content\/uploads\/2021\/08\/Gycom-design-600x400.jpg 600w\" sizes=\"(max-width: 1024px) 100vw, 1024px\" \/><\/figure>\n\n\n\n<h3 class=\"has-text-align-center link-no-underline wp-block-heading\" id=\"h-energy-design\"><a href=\"https:\/\/stage.gycom.com\/en\/energidesign\/\"> Energy design <\/a><\/h3>\n\n\n\n<p>To design the right solution for you, we make sure to understand every aspect of your situation. Energy is part of everything we do!<\/p>\n\n\n\n<p><a href=\"https:\/\/stage.gycom.com\/en\/energidesign\/\">Read about the opportunities<\/a><\/p>\n<\/div>\n\n\n\n<div class=\"wp-block-column is-layout-flow wp-block-column-is-layout-flow\">\n<figure class=\"wp-block-image alignfull size-large\"><img decoding=\"async\" width=\"1024\" height=\"683\" src=\"https:\/\/media.gycom.com\/2021\/08\/Gycom-Products-Warehouse-2-1024x683.jpg\" alt=\"Gycom Produkter\" class=\"wp-image-127219\" srcset=\"https:\/\/stage.gycom.com\/wp-content\/uploads\/2021\/08\/Gycom-Products-Warehouse-2-1024x683.jpg 1024w, https:\/\/stage.gycom.com\/wp-content\/uploads\/2021\/08\/Gycom-Products-Warehouse-2-300x200.jpg 300w, https:\/\/stage.gycom.com\/wp-content\/uploads\/2021\/08\/Gycom-Products-Warehouse-2-768x512.jpg 768w, https:\/\/stage.gycom.com\/wp-content\/uploads\/2021\/08\/Gycom-Products-Warehouse-2-1536x1025.jpg 1536w, https:\/\/stage.gycom.com\/wp-content\/uploads\/2021\/08\/Gycom-Products-Warehouse-2-2048x1367.jpg 2048w, https:\/\/stage.gycom.com\/wp-content\/uploads\/2021\/08\/Gycom-Products-Warehouse-2-200x133.jpg 200w, https:\/\/stage.gycom.com\/wp-content\/uploads\/2021\/08\/Gycom-Products-Warehouse-2-600x400.jpg 600w\" sizes=\"(max-width: 1024px) 100vw, 1024px\" \/><\/figure>\n\n\n\n<h3 class=\"has-text-align-center link-no-underline wp-block-heading\" id=\"h-products\"><a data-type=\"assortment\" href=\"http:\/\/stage.yellowee.se\/gycom_se\/produkter\/test-and-mat\/\"> <\/a><a href=\"https:\/\/stage.gycom.com\/en\/products\/products-en\/\">Products <\/a><\/h3>\n\n\n\n<p>To build advance automation and create mechatronics for tomorrow, electrical components of the right quality are needed.<\/p>\n\n\n\n<p><a href=\"https:\/\/stage.gycom.com\/en\/products\/products-en\/\">Visit our product assortment<\/a><\/p>\n<\/div>\n\n\n\n<div class=\"wp-block-column is-layout-flow wp-block-column-is-layout-flow\">\n<figure class=\"wp-block-image alignfull size-large\"><img decoding=\"async\" width=\"1024\" height=\"683\" src=\"https:\/\/media.gycom.com\/2021\/08\/Gycom-Possibilities-1024x683.jpg\" alt=\"Gycom m\u00f6jligheter\" class=\"wp-image-127214\" srcset=\"https:\/\/stage.gycom.com\/wp-content\/uploads\/2021\/08\/Gycom-Possibilities-1024x683.jpg 1024w, https:\/\/stage.gycom.com\/wp-content\/uploads\/2021\/08\/Gycom-Possibilities-300x200.jpg 300w, https:\/\/stage.gycom.com\/wp-content\/uploads\/2021\/08\/Gycom-Possibilities-768x512.jpg 768w, https:\/\/stage.gycom.com\/wp-content\/uploads\/2021\/08\/Gycom-Possibilities-1536x1024.jpg 1536w, https:\/\/stage.gycom.com\/wp-content\/uploads\/2021\/08\/Gycom-Possibilities-2048x1365.jpg 2048w, https:\/\/stage.gycom.com\/wp-content\/uploads\/2021\/08\/Gycom-Possibilities-200x133.jpg 200w, https:\/\/stage.gycom.com\/wp-content\/uploads\/2021\/08\/Gycom-Possibilities-600x400.jpg 600w\" sizes=\"(max-width: 1024px) 100vw, 1024px\" \/><\/figure>\n\n\n\n<h3 class=\"has-text-align-center link-no-underline wp-block-heading\" id=\"h-opportunities\"><a href=\"https:\/\/stage.gycom.com\/category\/nyheter\/\"> Opportunities<\/a> <\/h3>\n\n\n\n<p>In constant motion from challenge to moved boundaries. Become part of Gycom&#8217;s journey towards the possibilities.<\/p>\n\n\n\n<p><a href=\"https:\/\/stage.gycom.com\/category\/nyheter\/\">Read the latest news<\/a><\/p>\n<\/div>\n<\/div>\n\n\n\n<div style=\"height:100px\" aria-hidden=\"true\" class=\"wp-block-spacer\"><\/div>\n\n\n\n<div class=\"wp-block-group alignfull has-gycom-black-background-color has-background is-layout-flow wp-block-group-is-layout-flow\">\n<div style=\"height:100px\" aria-hidden=\"true\" class=\"wp-block-spacer\"><\/div>\n\n\n\n<div class=\"wp-block-image\"><figure class=\"aligncenter size-full\"><img decoding=\"async\" width=\"410\" height=\"150\" src=\"https:\/\/media.gycom.com\/2021\/08\/Gycom-Animated-crop-small.gif\" alt=\"\" class=\"wp-image-127373\"\/><\/figure><\/div>\n\n\n\n<p class=\"has-text-align-center has-white-color has-text-color has-large-font-size\"> A deep understanding of your challenge is the foundation <br>to everything we do. <\/p>\n\n\n\n<p class=\"has-text-align-center has-white-color has-text-color\"> With expertise within automation and energy design we create tailormade solution and build relationships that generate value beyond what is expected.  <\/p>\n\n\n\n<div style=\"height:30px\" aria-hidden=\"true\" class=\"wp-block-spacer\"><\/div>\n\n\n<section id=\"text-and-image-block_60006b96db325\" class=\"neq-text-and-image aligncenter\">\n    <div class=\"inner\">\n        \n                                <div class=\"list-item-content \">\n                    <div class=\"text\">\n                        <span class=\"h3 title\">The right technology for your needs<\/span>\n                        <p>\n                            The technical solution requires the right products in the right quality, but also the right application for the right kind of problem. We always create the most cost-effective answer to your challenge.                        <\/p>\n                        \n                    <\/div>\n                    <div role=\"img\" aria-label=\"Gycom Elkomponenter\" class=\"image\" role=\"img\"  aria-label=\"Gycom Elkomponenter\"  style=background-image:url(https:\/\/stage.gycom.com\/wp-content\/uploads\/2021\/08\/Gycom-elkomponenter.jpg) ><\/div>\n                <\/div>\n            \n                                <div class=\"list-item-content \">\n                    <div class=\"text\">\n                        <span class=\"h3 title\">The right partner for your needs<\/span>\n                        <p>\n                            In an increasingly automated world where the boundaries of what is possible are constantly shifting, we&#8217;re a good partner who is there with solutions and support when you need them.                        <\/p>\n                        \n                    <\/div>\n                    <div role=\"img\" aria-label=\"Gycom M\u00f6te\" class=\"image\" role=\"img\"  aria-label=\"Gycom M\u00f6te\"  style=background-image:url(https:\/\/stage.gycom.com\/wp-content\/uploads\/2021\/08\/Gycom-Meeting-1.jpg) ><\/div>\n                <\/div>\n            \n                                <div class=\"list-item-content \">\n                    <div class=\"text\">\n                        <span class=\"h3 title\">The right automation for your world<\/span>\n                        <p>\n                            To design the right solution for you, we make sure to understand every aspect of your situation. Through responsiveness and innovation, we create new opportunities for your business.                        <\/p>\n                        \n                    <\/div>\n                    <div role=\"img\" aria-label=\"R\u00e4tt automation\" class=\"image\" role=\"img\"  aria-label=\"R\u00e4tt automation\"  style=background-image:url(https:\/\/stage.gycom.com\/wp-content\/uploads\/2021\/08\/Gycom-Automation.jpg) ><\/div>\n                <\/div>\n                        <\/div>\n<\/section>\n\n\n\n<div style=\"height:100px\" aria-hidden=\"true\" class=\"wp-block-spacer\"><\/div>\n<\/div>\n\n\n\n<div style=\"height:100px\" aria-hidden=\"true\" class=\"wp-block-spacer\"><\/div>\n\n\n<section id=\"cta-block_5fe21b57e91c8\" class=\"neq-cta-block alignfull animimage-1 animimage-center-right animimg-size-5 stroke-width-3 blur-on-mobile-1\">\n        <div class=\"cta-content\">\n            <span class=\"cta-title\">\n                <span class=\"h1 has-text-color has-white-color has-text-align-center\">Take part of the lates news, first!<\/span>\n            <\/span>\n                        <div class=\"wp-block-buttons aligncenter\">\n                <div class=\"wp-block-button\">\n                    <a  title=\"Follow Gycom on LinkedIn \u2192\" href=\"https:\/\/www.linkedin.com\/company\/gycom\/\" target=\"_blank\"  class=\"wp-block-button__link has-text-color has-white-color has-background has-gycom-red-background-color\">Follow Gycom on LinkedIn \u2192<\/a>\n                <\/div>\n            <\/div>\n        <\/div>\n<\/section>\n\n\n\n\n<div style=\"height:100px\" aria-hidden=\"true\" class=\"wp-block-spacer\"><\/div>\n","protected":false},"excerpt":{"rendered":"<p>We design your opportunities We live in a time where more and more processes and functions become invisible to our eye. We are surrounded by systems that operate in the hidden to help, protect, guide and create value for us. In this world, we at Gycom are a driving force. With our knowledge and creativity [&hellip;]<\/p>\n","protected":false},"author":1,"featured_media":127170,"parent":0,"menu_order":0,"comment_status":"closed","ping_status":"closed","template":"","meta":{"_acf_changed":false,"footnotes":""},"class_list":["post-177","page","type-page","status-publish","has-post-thumbnail","hentry"],"acf":[],"yoast_head":"<!-- This site is optimized with the Yoast SEO Premium plugin v22.0 (Yoast SEO v25.1) - https:\/\/yoast.com\/wordpress\/plugins\/seo\/ -->\n<title>Gycom | The right energy for your opportunities | Automation<\/title>\n<meta name=\"description\" content=\"With knowledge and creativity in automation and energy design, we make it possible to control, facilitate and improve your business.\" \/>\n<meta name=\"robots\" content=\"noindex, follow, max-snippet:-1, max-image-preview:large, max-video-preview:-1\" \/>\n<meta property=\"og:locale\" content=\"en_US\" \/>\n<meta property=\"og:type\" content=\"article\" \/>\n<meta property=\"og:title\" content=\"Home\" \/>\n<meta property=\"og:description\" content=\"With knowledge and creativity in automation and energy design, we make it possible to control, facilitate and improve your business.\" \/>\n<meta property=\"og:url\" content=\"https:\/\/stage.gycom.com\/en\/\" \/>\n<meta property=\"og:site_name\" content=\"Gycom\" \/>\n<meta property=\"article:modified_time\" content=\"2021-09-01T06:47:18+00:00\" \/>\n<meta property=\"og:image\" content=\"https:\/\/media.gycom.com\/2021\/08\/Gycom-Hand-scaled.jpg\" \/>\n\t<meta property=\"og:image:width\" content=\"2560\" \/>\n\t<meta property=\"og:image:height\" content=\"1707\" \/>\n\t<meta property=\"og:image:type\" content=\"image\/jpeg\" \/>\n<meta name=\"twitter:card\" content=\"summary_large_image\" \/>\n<meta name=\"twitter:label1\" content=\"Est. reading time\" \/>\n\t<meta name=\"twitter:data1\" content=\"2 minutes\" \/>\n<script type=\"application\/ld+json\" class=\"yoast-schema-graph\">{\"@context\":\"https:\/\/schema.org\",\"@graph\":[{\"@type\":\"WebPage\",\"@id\":\"https:\/\/stage.gycom.com\/en\/\",\"url\":\"https:\/\/stage.gycom.com\/en\/\",\"name\":\"Gycom | The right energy for your opportunities | Automation\",\"isPartOf\":{\"@id\":\"https:\/\/stage.gycom.com\/#website\"},\"primaryImageOfPage\":{\"@id\":\"https:\/\/stage.gycom.com\/en\/#primaryimage\"},\"image\":{\"@id\":\"https:\/\/stage.gycom.com\/en\/#primaryimage\"},\"thumbnailUrl\":\"https:\/\/stage.gycom.com\/wp-content\/uploads\/2021\/08\/Gycom-Hand-scaled.jpg\",\"datePublished\":\"2020-12-18T13:15:52+00:00\",\"dateModified\":\"2021-09-01T06:47:18+00:00\",\"description\":\"With knowledge and creativity in automation and energy design, we make it possible to control, facilitate and improve your business.\",\"breadcrumb\":{\"@id\":\"https:\/\/stage.gycom.com\/en\/#breadcrumb\"},\"inLanguage\":\"en-US\",\"potentialAction\":[{\"@type\":\"ReadAction\",\"target\":[\"https:\/\/stage.gycom.com\/en\/\"]}]},{\"@type\":\"ImageObject\",\"inLanguage\":\"en-US\",\"@id\":\"https:\/\/stage.gycom.com\/en\/#primaryimage\",\"url\":\"https:\/\/stage.gycom.com\/wp-content\/uploads\/2021\/08\/Gycom-Hand-scaled.jpg\",\"contentUrl\":\"https:\/\/stage.gycom.com\/wp-content\/uploads\/2021\/08\/Gycom-Hand-scaled.jpg\",\"width\":2560,\"height\":1707,\"caption\":\"The concept of network integration into any location in nature.\"},{\"@type\":\"BreadcrumbList\",\"@id\":\"https:\/\/stage.gycom.com\/en\/#breadcrumb\",\"itemListElement\":[{\"@type\":\"ListItem\",\"position\":1,\"name\":\"Hem\",\"item\":\"https:\/\/stage.gycom.com\/en\/\"},{\"@type\":\"ListItem\",\"position\":2,\"name\":\"Home\"}]},{\"@type\":\"WebSite\",\"@id\":\"https:\/\/stage.gycom.com\/#website\",\"url\":\"https:\/\/stage.gycom.com\/\",\"name\":\"Gycom\",\"description\":\"R\u00e4tt energi f\u00f6r dina m\u00f6jligheter!\",\"publisher\":{\"@id\":\"https:\/\/stage.gycom.com\/#organization\"},\"potentialAction\":[{\"@type\":\"SearchAction\",\"target\":{\"@type\":\"EntryPoint\",\"urlTemplate\":\"https:\/\/stage.gycom.com\/?s={search_term_string}\"},\"query-input\":{\"@type\":\"PropertyValueSpecification\",\"valueRequired\":true,\"valueName\":\"search_term_string\"}}],\"inLanguage\":\"en-US\"},{\"@type\":\"Organization\",\"@id\":\"https:\/\/stage.gycom.com\/#organization\",\"name\":\"Gycom\",\"url\":\"https:\/\/stage.gycom.com\/\",\"logo\":{\"@type\":\"ImageObject\",\"inLanguage\":\"en-US\",\"@id\":\"https:\/\/stage.gycom.com\/#\/schema\/logo\/image\/\",\"url\":\"https:\/\/stage.gycom.com\/wp-content\/uploads\/2021\/09\/Animated-Logo_360x120.gif\",\"contentUrl\":\"https:\/\/stage.gycom.com\/wp-content\/uploads\/2021\/09\/Animated-Logo_360x120.gif\",\"width\":360,\"height\":120,\"caption\":\"Gycom\"},\"image\":{\"@id\":\"https:\/\/stage.gycom.com\/#\/schema\/logo\/image\/\"}}]}<\/script>\n<!-- \/ Yoast SEO Premium plugin. -->","yoast_head_json":{"title":"Gycom | The right energy for your opportunities | Automation","description":"With knowledge and creativity in automation and energy design, we make it possible to control, facilitate and improve your business.","robots":{"index":"noindex","follow":"follow","max-snippet":"max-snippet:-1","max-image-preview":"max-image-preview:large","max-video-preview":"max-video-preview:-1"},"og_locale":"en_US","og_type":"article","og_title":"Home","og_description":"With knowledge and creativity in automation and energy design, we make it possible to control, facilitate and improve your business.","og_url":"https:\/\/stage.gycom.com\/en\/","og_site_name":"Gycom","article_modified_time":"2021-09-01T06:47:18+00:00","og_image":[{"width":2560,"height":1707,"url":"https:\/\/media.gycom.com\/2021\/08\/Gycom-Hand-scaled.jpg","type":"image\/jpeg"}],"twitter_card":"summary_large_image","twitter_misc":{"Est. reading time":"2 minutes"},"schema":{"@context":"https:\/\/schema.org","@graph":[{"@type":"WebPage","@id":"https:\/\/stage.gycom.com\/en\/","url":"https:\/\/stage.gycom.com\/en\/","name":"Gycom | The right energy for your opportunities | Automation","isPartOf":{"@id":"https:\/\/stage.gycom.com\/#website"},"primaryImageOfPage":{"@id":"https:\/\/stage.gycom.com\/en\/#primaryimage"},"image":{"@id":"https:\/\/stage.gycom.com\/en\/#primaryimage"},"thumbnailUrl":"https:\/\/stage.gycom.com\/wp-content\/uploads\/2021\/08\/Gycom-Hand-scaled.jpg","datePublished":"2020-12-18T13:15:52+00:00","dateModified":"2021-09-01T06:47:18+00:00","description":"With knowledge and creativity in automation and energy design, we make it possible to control, facilitate and improve your business.","breadcrumb":{"@id":"https:\/\/stage.gycom.com\/en\/#breadcrumb"},"inLanguage":"en-US","potentialAction":[{"@type":"ReadAction","target":["https:\/\/stage.gycom.com\/en\/"]}]},{"@type":"ImageObject","inLanguage":"en-US","@id":"https:\/\/stage.gycom.com\/en\/#primaryimage","url":"https:\/\/stage.gycom.com\/wp-content\/uploads\/2021\/08\/Gycom-Hand-scaled.jpg","contentUrl":"https:\/\/stage.gycom.com\/wp-content\/uploads\/2021\/08\/Gycom-Hand-scaled.jpg","width":2560,"height":1707,"caption":"The concept of network integration into any location in nature."},{"@type":"BreadcrumbList","@id":"https:\/\/stage.gycom.com\/en\/#breadcrumb","itemListElement":[{"@type":"ListItem","position":1,"name":"Hem","item":"https:\/\/stage.gycom.com\/en\/"},{"@type":"ListItem","position":2,"name":"Home"}]},{"@type":"WebSite","@id":"https:\/\/stage.gycom.com\/#website","url":"https:\/\/stage.gycom.com\/","name":"Gycom","description":"R\u00e4tt energi f\u00f6r dina m\u00f6jligheter!","publisher":{"@id":"https:\/\/stage.gycom.com\/#organization"},"potentialAction":[{"@type":"SearchAction","target":{"@type":"EntryPoint","urlTemplate":"https:\/\/stage.gycom.com\/?s={search_term_string}"},"query-input":{"@type":"PropertyValueSpecification","valueRequired":true,"valueName":"search_term_string"}}],"inLanguage":"en-US"},{"@type":"Organization","@id":"https:\/\/stage.gycom.com\/#organization","name":"Gycom","url":"https:\/\/stage.gycom.com\/","logo":{"@type":"ImageObject","inLanguage":"en-US","@id":"https:\/\/stage.gycom.com\/#\/schema\/logo\/image\/","url":"https:\/\/stage.gycom.com\/wp-content\/uploads\/2021\/09\/Animated-Logo_360x120.gif","contentUrl":"https:\/\/stage.gycom.com\/wp-content\/uploads\/2021\/09\/Animated-Logo_360x120.gif","width":360,"height":120,"caption":"Gycom"},"image":{"@id":"https:\/\/stage.gycom.com\/#\/schema\/logo\/image\/"}}]}},"_links":{"self":[{"href":"https:\/\/stage.gycom.com\/en\/wp-json\/wp\/v2\/pages\/177","targetHints":{"allow":["GET"]}}],"collection":[{"href":"https:\/\/stage.gycom.com\/en\/wp-json\/wp\/v2\/pages"}],"about":[{"href":"https:\/\/stage.gycom.com\/en\/wp-json\/wp\/v2\/types\/page"}],"author":[{"embeddable":true,"href":"https:\/\/stage.gycom.com\/en\/wp-json\/wp\/v2\/users\/1"}],"replies":[{"embeddable":true,"href":"https:\/\/stage.gycom.com\/en\/wp-json\/wp\/v2\/comments?post=177"}],"version-history":[{"count":0,"href":"https:\/\/stage.gycom.com\/en\/wp-json\/wp\/v2\/pages\/177\/revisions"}],"wp:featuredmedia":[{"embeddable":true,"href":"https:\/\/stage.gycom.com\/en\/wp-json\/wp\/v2\/media\/127170"}],"wp:attachment":[{"href":"https:\/\/stage.gycom.com\/en\/wp-json\/wp\/v2\/media?parent=177"}],"curies":[{"name":"wp","href":"https:\/\/api.w.org\/{rel}","templated":true}]}}