{"id":640,"date":"2021-01-15T09:43:32","date_gmt":"2021-01-15T08:43:32","guid":{"rendered":"https:\/\/stage.gycom.com.loopiadns.com\/?page_id=640"},"modified":"2023-12-19T16:17:12","modified_gmt":"2023-12-19T15:17:12","slug":"contact-gycom","status":"publish","type":"page","link":"https:\/\/stage.gycom.com\/en\/contact-gycom\/","title":{"rendered":"Contact Gycom"},"content":{"rendered":"\n<h3 class=\"wp-block-heading\">Telephone: +46 10 122 17 06<br>Email: <a href=\"mailto:support@gycom.com\">support@gycom.com<\/a><\/h3>\n\n\n\n<p>Opening hours customer support <br>Mon &#8211; Fri 08.00 &#8211; 16.00<br>Closed for lunch 12.00 &#8211; 13.00<\/p>\n\n\n\n<div style=\"height:30px\" aria-hidden=\"true\" class=\"wp-block-spacer\"><\/div>\n\n\n\n<div class=\"wp-block-group alignfull has-gray-1-background-color has-background is-layout-flow wp-block-group-is-layout-flow\">\n<div style=\"height:30px\" aria-hidden=\"true\" class=\"wp-block-spacer\"><\/div>\n\n\n\n<h2 class=\"wp-block-heading has-text-align-center\" id=\"h-sales-inquiries\">Sales inquiries<\/h2>\n\n\n\n<h3 class=\"wp-block-heading has-text-align-center\" id=\"h-contact-us-in-person-or-via-our-customer-service\">Contact us in person or via our customer service.<\/h3>\n\n\n\n<div class=\"wp-block-columns alignwide is-layout-flex wp-container-core-columns-is-layout-1 wp-block-columns-is-layout-flex\">\n<div class=\"wp-block-column is-layout-flow wp-block-column-is-layout-flow\"><section id=\"person-details-block_0203dcb52f27475a4cfad8d93b76bd51\" class=\"neq-person-details-block aligncenter\">\n    <figure class=\"person-image\">\n       <img  data-alt=\"non-existing\" title=\"Joakim Elfstr\u00f6m\"src=\"https:\/\/stage.gycom.com\/wp-content\/uploads\/2021\/01\/Joakim-Elfstrom.jpg\" data-src-size=\"non-existing-size\" \/>    <\/figure>\n    <div class=\"textBlock\">\n        <span class=\"h3 person-header\">Business area automation<\/span>        <p class=\"infoText\"><\/p>            <div class=\"person-details\" itemscope itemtype=\"http:\/\/schema.org\/person\">\n                                <span itemprop=\"name\" class=\"name\">Joakim Elfstr\u00f6m<\/span>                <span itemprop=\"email\" class=\"email\"><a href=\"mailto:joakim.elfstrom@gycom.com\">joakim.elfstrom@gycom.com<\/a><\/span>                <span itemprop=\"telephone\" class=\"phone\"><a href=\"tel:+46 10-122 17 65\">+46 10-122 17 65<\/a><\/span>            <\/div>\n    <\/div>\n<\/section>\n\n\n<section id=\"person-details-block_e2de4dc77e690c0239a2e3ca99428c0c\" class=\"neq-person-details-block aligncenter\">\n    <figure class=\"person-image\">\n       <img  data-alt=\"non-existing\" title=\"ANDERS_ST\u00c5NGE_ENEQUI_WEBB_Without_logo\"src=\"https:\/\/stage.gycom.com\/wp-content\/uploads\/2021\/09\/ANDERS_STANGE_ENEQUI_WEBB_Without_logo.jpg\" data-src-size=\"non-existing-size\" \/>    <\/figure>\n    <div class=\"textBlock\">\n        <span class=\"h3 person-header\">Technical support \/ Sales<\/span>        <p class=\"infoText\"><\/p>            <div class=\"person-details\" itemscope itemtype=\"http:\/\/schema.org\/person\">\n                                <span itemprop=\"name\" class=\"name\">Anders St\u00e5nge<\/span>                <span itemprop=\"email\" class=\"email\"><a href=\"mailto:anders.stange@gycom.com\">anders.stange@gycom.com<\/a><\/span>                <span itemprop=\"telephone\" class=\"phone\"><a href=\"tel:+46 10 - 122 17 06\">+46 10 &#8211; 122 17 06<\/a><\/span>            <\/div>\n    <\/div>\n<\/section>\n<\/div>\n\n\n\n<div class=\"wp-block-column is-layout-flow wp-block-column-is-layout-flow\"><section id=\"person-details-block_787965997b6c511f3ca10f48d880b35f\" class=\"neq-person-details-block aligncenter\">\n    <figure class=\"person-image\">\n       <img  data-alt=\"non-existing\" title=\"Staffan Sjostedt\"src=\"https:\/\/stage.gycom.com\/wp-content\/uploads\/2021\/01\/Staffan-Sjostedt.jpg\" data-src-size=\"non-existing-size\" \/>    <\/figure>\n    <div class=\"textBlock\">\n        <span class=\"h3 person-header\">MD \/ Sales manager<\/span>        <p class=\"infoText\"><\/p>            <div class=\"person-details\" itemscope itemtype=\"http:\/\/schema.org\/person\">\n                                <span itemprop=\"name\" class=\"name\">Staffan Sj\u00f6stedt<\/span>                <span itemprop=\"email\" class=\"email\"><a href=\"mailto:staffan.sjostedt@gycom.com\">staffan.sjostedt@gycom.com<\/a><\/span>                <span itemprop=\"telephone\" class=\"phone\"><a href=\"tel:+46 10-122 17 47\">+46 10-122 17 47<\/a><\/span>            <\/div>\n    <\/div>\n<\/section>\n\n\n<section id=\"person-details-block_9b176e6d4120b5bbb976c5470599b69d\" class=\"neq-person-details-block aligncenter\">\n    <figure class=\"person-image\">\n       <img  data-alt=\"non-existing\" title=\"Erik_Frid_grey\"src=\"https:\/\/stage.gycom.com\/wp-content\/uploads\/Erik_Frid_grey.jpg\" data-src-size=\"non-existing-size\" \/>    <\/figure>\n    <div class=\"textBlock\">\n        <span class=\"h3 person-header\">Business area automation<\/span>        <p class=\"infoText\"><\/p>            <div class=\"person-details\" itemscope itemtype=\"http:\/\/schema.org\/person\">\n                                <span itemprop=\"name\" class=\"name\">Erik Frid<\/span>                <span itemprop=\"email\" class=\"email\"><a href=\"mailto:erik.frid@gycom.com\">erik.frid@gycom.com<\/a><\/span>                <span itemprop=\"telephone\" class=\"phone\"><a href=\"tel:+46 10-122 17 24\">+46 10-122 17 24<\/a><\/span>            <\/div>\n    <\/div>\n<\/section>\n<\/div>\n<\/div>\n\n\n\n<div style=\"height:30px\" aria-hidden=\"true\" class=\"wp-block-spacer\"><\/div>\n<\/div>\n\n\n\n<div style=\"height:100px\" aria-hidden=\"true\" class=\"wp-block-spacer\"><\/div>\n\n\n\n<h2 class=\"wp-block-heading has-text-align-center\">Do you want us to contact you?<\/h2>\n\n\n\n<p class=\"has-text-align-center has-large-font-size\">Fill out the form below and we will get back to you as soon as possible!<\/p>\n\n\n\n<div style=\"height:30px\" aria-hidden=\"true\" class=\"wp-block-spacer\"><\/div>\n\n\n<link rel='stylesheet' id='formidable-css' href='https:\/\/stage.gycom.com\/wp-content\/plugins\/formidable\/css\/formidableforms.css?ver=622241' type='text\/css' media='all' \/>\n<div class=\"frm_forms  with_frm_style frm_style_formidables-stilmall\" id=\"frm_form_1_container\" >\n<form enctype=\"multipart\/form-data\" method=\"post\" class=\"frm-show-form  frm_pro_form \" id=\"form_contact-form\" >\n<div class=\"frm_form_fields \">\n<fieldset>\n<legend class=\"frm_screen_reader\">Contact Us<\/legend>\r\n\r\n<div class=\"frm_fields_container\">\n<input type=\"hidden\" name=\"frm_action\" value=\"create\" \/>\n<input type=\"hidden\" name=\"form_id\" value=\"1\" \/>\n<input type=\"hidden\" name=\"frm_hide_fields_1\" id=\"frm_hide_fields_1\" value=\"\" \/>\n<input type=\"hidden\" name=\"form_key\" value=\"contact-form\" \/>\n<input type=\"hidden\" name=\"item_meta[0]\" value=\"\" \/>\n<input type=\"hidden\" id=\"frm_submit_entry_1\" name=\"frm_submit_entry_1\" value=\"ae5481fc77\" \/><input type=\"hidden\" name=\"_wp_http_referer\" value=\"\/en\/wp-json\/wp\/v2\/pages\/640\" \/><div id=\"frm_field_12_container\" class=\"frm_form_field form-field  frm_required_field frm_top_container frm_half\">\r\n    <label for=\"field_m01v1\" id=\"field_m01v1_label\" class=\"frm_primary_label\">First name\r\n        <span class=\"frm_required\">*<\/span>\r\n    <\/label>\r\n    <input  type=\"text\" id=\"field_m01v1\" name=\"item_meta[12]\" value=\"\"  data-reqmsg=\"Detta f\u00e4lt kan inte vara tomt.\" aria-required=\"true\" data-invmsg=\"Text \u00e4r ogiltigt\" aria-invalid=\"false\"   \/>\r\n    \r\n    \r\n<\/div>\n<div id=\"frm_field_13_container\" class=\"frm_form_field form-field  frm_required_field frm_top_container frm_half\">\r\n    <label for=\"field_u0fzf\" id=\"field_u0fzf_label\" class=\"frm_primary_label\">Last name\r\n        <span class=\"frm_required\">*<\/span>\r\n    <\/label>\r\n    <input  type=\"text\" id=\"field_u0fzf\" name=\"item_meta[13]\" value=\"\"  data-reqmsg=\"Detta f\u00e4lt kan inte vara tomt.\" aria-required=\"true\" data-invmsg=\"Text \u00e4r ogiltigt\" aria-invalid=\"false\"   \/>\r\n    \r\n    \r\n<\/div>\n<div id=\"frm_field_4_container\" class=\"frm_form_field form-field  frm_required_field frm_top_container frm_full\">\r\n    <label for=\"field_e6lis6\" id=\"field_e6lis6_label\" class=\"frm_primary_label\">Company\r\n        <span class=\"frm_required\">*<\/span>\r\n    <\/label>\r\n    <input  type=\"text\" id=\"field_e6lis6\" name=\"item_meta[4]\" value=\"\"  data-reqmsg=\"Detta f\u00e4lt kan inte vara tomt.\" aria-required=\"true\" data-invmsg=\"Subject \u00e4r ogiltigt\" aria-invalid=\"false\"   \/>\r\n    \r\n    \r\n<\/div>\n<div id=\"frm_field_3_container\" class=\"frm_form_field form-field  frm_required_field frm_top_container frm_full\">\r\n    <label for=\"field_29yf4d\" id=\"field_29yf4d_label\" class=\"frm_primary_label\">Email\r\n        <span class=\"frm_required\">*<\/span>\r\n    <\/label>\r\n    <input type=\"email\" id=\"field_29yf4d\" name=\"item_meta[3]\" value=\"\"  data-reqmsg=\"Detta f\u00e4lt kan inte vara tomt.\" aria-required=\"true\" data-invmsg=\"Please enter a valid email address\" aria-invalid=\"false\"  \/>\r\n    \r\n    \r\n<\/div>\n<div id=\"frm_field_5_container\" class=\"frm_form_field form-field  frm_required_field frm_top_container frm_full\">\r\n    <label for=\"field_9jv0r1\" id=\"field_9jv0r1_label\" class=\"frm_primary_label\">Message\r\n        <span class=\"frm_required\">*<\/span>\r\n    <\/label>\r\n    <textarea name=\"item_meta[5]\" id=\"field_9jv0r1\" rows=\"5\"  data-reqmsg=\"Detta f\u00e4lt kan inte vara tomt.\" aria-required=\"true\" data-invmsg=\"Message is invalid\" aria-invalid=\"false\"  ><\/textarea>\r\n    \r\n    \r\n<\/div>\n<div id=\"frm_field_16_container\" class=\"frm_form_field form-field  frm_none_container\">\r\n    <label for=\"g-recaptcha-response\" id=\"field_tbgsl_label\" class=\"frm_primary_label\">reCAPTCHA\r\n        <span class=\"frm_required\" aria-hidden=\"true\"><\/span>\r\n    <\/label>\r\n    <div  id=\"field_tbgsl\" class=\"g-recaptcha\" data-sitekey=\"6LcrREocAAAAAFo0aaKMTuSXErjbfa_13wC0jUso\" data-size=\"normal\" data-theme=\"light\"><\/div>\r\n    \r\n    \r\n<\/div>\n\t<input type=\"hidden\" name=\"item_key\" value=\"\" \/>\n\t\t\t<div id=\"frm_field_17_container\">\n\t\t\t<label for=\"field_vnffi\" >\n\t\t\t\tIf you are human, leave this field blank.\t\t\t<\/label>\n\t\t\t<input  id=\"field_vnffi\" type=\"text\" class=\"frm_form_field form-field frm_verify\" name=\"item_meta[17]\" value=\"\"  \/>\n\t\t<\/div>\n\t\t<input name=\"frm_state\" type=\"hidden\" value=\"uWpv95qFDu81nnW7a2FdJUnTrQxAY9mzUK0EP9rKXFZKuYsTFQfB4efcsXkCEdFS\" \/><div class=\"frm_submit\">\r\n\r\n<button class=\"frm_button_submit frm_final_submit\" type=\"submit\"   formnovalidate=\"formnovalidate\">Send<\/button>\r\n\r\n<\/div><\/div>\n<\/fieldset>\n<\/div>\n\n<\/form>\n<\/div>\n\n\n\n<div style=\"height:100px\" aria-hidden=\"true\" class=\"wp-block-spacer\"><\/div>\n\n\n\n<h2 class=\"wp-block-heading\" id=\"h-our-offices\">Our offices<\/h2>\n\n\n\n<div class=\"wp-block-columns is-layout-flex wp-container-core-columns-is-layout-2 wp-block-columns-is-layout-flex\">\n<div class=\"wp-block-column is-layout-flow wp-block-column-is-layout-flow\" style=\"flex-basis:33%\">\n<h3 class=\"wp-block-heading\">Stockholm<\/h3>\n\n\n\n<p>Kung Hans v\u00e4g 3,&nbsp;<br>192 68 Sollentuna,<br>+4610 \u2013 122 17 06<br>Sweden<\/p>\n<\/div>\n\n\n\n<div class=\"wp-block-column is-layout-flow wp-block-column-is-layout-flow\" style=\"flex-basis:33%\">\n<h3 class=\"wp-block-heading\" id=\"h-gothenburg\">Gothenburg<\/h3>\n\n\n\n<p>Kr\u00e5ketorpsgatan&nbsp;20<br>431&nbsp;53&nbsp;M\u00f6lndal<br>+4610 \u2013 122 17 06<br>Sweden<\/p>\n<\/div>\n\n\n\n<div class=\"wp-block-column is-layout-flow wp-block-column-is-layout-flow\" style=\"flex-basis:33%\">\n<h3 class=\"wp-block-heading\">Logistic hub<\/h3>\n\n\n\n<p>c\/o V\u00e4tterleden Logistik AB<br>Logistikv\u00e4gen 6<br>438 70 Landvetter<br>+4610 &#8211; 122 17 06<br>Sweden<\/p>\n<\/div>\n<\/div>\n","protected":false},"excerpt":{"rendered":"<p>Telephone: +46 10 122 17 06Email: support@gycom.com Opening hours customer support Mon &#8211; Fri 08.00 &#8211; 16.00Closed for lunch 12.00 &#8211; 13.00 Sales inquiries Contact us in person or via our customer service. Do you want us to contact you? Fill out the form below and we will get back to you as soon as [&hellip;]<\/p>\n","protected":false},"author":2,"featured_media":0,"parent":0,"menu_order":0,"comment_status":"closed","ping_status":"closed","template":"","meta":{"_acf_changed":false,"footnotes":""},"class_list":["post-640","page","type-page","status-publish","hentry"],"acf":[],"yoast_head":"<!-- This site is optimized with the Yoast SEO Premium plugin v22.0 (Yoast SEO v25.1) - https:\/\/yoast.com\/wordpress\/plugins\/seo\/ -->\n<title>Contact Gycom - Gycom<\/title>\n<meta name=\"robots\" content=\"noindex, follow, max-snippet:-1, max-image-preview:large, max-video-preview:-1\" \/>\n<meta property=\"og:locale\" content=\"en_US\" \/>\n<meta property=\"og:type\" content=\"article\" \/>\n<meta property=\"og:title\" content=\"Contact Gycom\" \/>\n<meta property=\"og:description\" content=\"Telephone: +46 10 122 17 06Email: support@gycom.com Opening hours customer support Mon &#8211; Fri 08.00 &#8211; 16.00Closed for lunch 12.00 &#8211; 13.00 Sales inquiries Contact us in person or via our customer service. Do you want us to contact you? Fill out the form below and we will get back to you as soon as [&hellip;]\" \/>\n<meta property=\"og:url\" content=\"https:\/\/stage.gycom.com\/en\/contact-gycom\/\" \/>\n<meta property=\"og:site_name\" content=\"Gycom\" \/>\n<meta property=\"article:modified_time\" content=\"2023-12-19T15:17:12+00:00\" \/>\n<meta name=\"twitter:card\" content=\"summary_large_image\" \/>\n<meta name=\"twitter:label1\" content=\"Est. reading time\" \/>\n\t<meta name=\"twitter:data1\" content=\"1 minute\" \/>\n<script type=\"application\/ld+json\" class=\"yoast-schema-graph\">{\"@context\":\"https:\/\/schema.org\",\"@graph\":[{\"@type\":\"WebPage\",\"@id\":\"https:\/\/stage.gycom.com\/en\/contact-gycom\/\",\"url\":\"https:\/\/stage.gycom.com\/en\/contact-gycom\/\",\"name\":\"Contact Gycom - Gycom\",\"isPartOf\":{\"@id\":\"https:\/\/stage.gycom.com\/#website\"},\"datePublished\":\"2021-01-15T08:43:32+00:00\",\"dateModified\":\"2023-12-19T15:17:12+00:00\",\"breadcrumb\":{\"@id\":\"https:\/\/stage.gycom.com\/en\/contact-gycom\/#breadcrumb\"},\"inLanguage\":\"en-US\",\"potentialAction\":[{\"@type\":\"ReadAction\",\"target\":[\"https:\/\/stage.gycom.com\/en\/contact-gycom\/\"]}]},{\"@type\":\"BreadcrumbList\",\"@id\":\"https:\/\/stage.gycom.com\/en\/contact-gycom\/#breadcrumb\",\"itemListElement\":[{\"@type\":\"ListItem\",\"position\":1,\"name\":\"Hem\",\"item\":\"https:\/\/stage.gycom.com\/en\/\"},{\"@type\":\"ListItem\",\"position\":2,\"name\":\"Contact Gycom\"}]},{\"@type\":\"WebSite\",\"@id\":\"https:\/\/stage.gycom.com\/#website\",\"url\":\"https:\/\/stage.gycom.com\/\",\"name\":\"Gycom\",\"description\":\"R\u00e4tt energi f\u00f6r dina m\u00f6jligheter!\",\"publisher\":{\"@id\":\"https:\/\/stage.gycom.com\/#organization\"},\"potentialAction\":[{\"@type\":\"SearchAction\",\"target\":{\"@type\":\"EntryPoint\",\"urlTemplate\":\"https:\/\/stage.gycom.com\/?s={search_term_string}\"},\"query-input\":{\"@type\":\"PropertyValueSpecification\",\"valueRequired\":true,\"valueName\":\"search_term_string\"}}],\"inLanguage\":\"en-US\"},{\"@type\":\"Organization\",\"@id\":\"https:\/\/stage.gycom.com\/#organization\",\"name\":\"Gycom\",\"url\":\"https:\/\/stage.gycom.com\/\",\"logo\":{\"@type\":\"ImageObject\",\"inLanguage\":\"en-US\",\"@id\":\"https:\/\/stage.gycom.com\/#\/schema\/logo\/image\/\",\"url\":\"https:\/\/stage.gycom.com\/wp-content\/uploads\/2021\/09\/Animated-Logo_360x120.gif\",\"contentUrl\":\"https:\/\/stage.gycom.com\/wp-content\/uploads\/2021\/09\/Animated-Logo_360x120.gif\",\"width\":360,\"height\":120,\"caption\":\"Gycom\"},\"image\":{\"@id\":\"https:\/\/stage.gycom.com\/#\/schema\/logo\/image\/\"}}]}<\/script>\n<!-- \/ Yoast SEO Premium plugin. -->","yoast_head_json":{"title":"Contact Gycom - Gycom","robots":{"index":"noindex","follow":"follow","max-snippet":"max-snippet:-1","max-image-preview":"max-image-preview:large","max-video-preview":"max-video-preview:-1"},"og_locale":"en_US","og_type":"article","og_title":"Contact Gycom","og_description":"Telephone: +46 10 122 17 06Email: support@gycom.com Opening hours customer support Mon &#8211; Fri 08.00 &#8211; 16.00Closed for lunch 12.00 &#8211; 13.00 Sales inquiries Contact us in person or via our customer service. Do you want us to contact you? Fill out the form below and we will get back to you as soon as [&hellip;]","og_url":"https:\/\/stage.gycom.com\/en\/contact-gycom\/","og_site_name":"Gycom","article_modified_time":"2023-12-19T15:17:12+00:00","twitter_card":"summary_large_image","twitter_misc":{"Est. reading time":"1 minute"},"schema":{"@context":"https:\/\/schema.org","@graph":[{"@type":"WebPage","@id":"https:\/\/stage.gycom.com\/en\/contact-gycom\/","url":"https:\/\/stage.gycom.com\/en\/contact-gycom\/","name":"Contact Gycom - Gycom","isPartOf":{"@id":"https:\/\/stage.gycom.com\/#website"},"datePublished":"2021-01-15T08:43:32+00:00","dateModified":"2023-12-19T15:17:12+00:00","breadcrumb":{"@id":"https:\/\/stage.gycom.com\/en\/contact-gycom\/#breadcrumb"},"inLanguage":"en-US","potentialAction":[{"@type":"ReadAction","target":["https:\/\/stage.gycom.com\/en\/contact-gycom\/"]}]},{"@type":"BreadcrumbList","@id":"https:\/\/stage.gycom.com\/en\/contact-gycom\/#breadcrumb","itemListElement":[{"@type":"ListItem","position":1,"name":"Hem","item":"https:\/\/stage.gycom.com\/en\/"},{"@type":"ListItem","position":2,"name":"Contact Gycom"}]},{"@type":"WebSite","@id":"https:\/\/stage.gycom.com\/#website","url":"https:\/\/stage.gycom.com\/","name":"Gycom","description":"R\u00e4tt energi f\u00f6r dina m\u00f6jligheter!","publisher":{"@id":"https:\/\/stage.gycom.com\/#organization"},"potentialAction":[{"@type":"SearchAction","target":{"@type":"EntryPoint","urlTemplate":"https:\/\/stage.gycom.com\/?s={search_term_string}"},"query-input":{"@type":"PropertyValueSpecification","valueRequired":true,"valueName":"search_term_string"}}],"inLanguage":"en-US"},{"@type":"Organization","@id":"https:\/\/stage.gycom.com\/#organization","name":"Gycom","url":"https:\/\/stage.gycom.com\/","logo":{"@type":"ImageObject","inLanguage":"en-US","@id":"https:\/\/stage.gycom.com\/#\/schema\/logo\/image\/","url":"https:\/\/stage.gycom.com\/wp-content\/uploads\/2021\/09\/Animated-Logo_360x120.gif","contentUrl":"https:\/\/stage.gycom.com\/wp-content\/uploads\/2021\/09\/Animated-Logo_360x120.gif","width":360,"height":120,"caption":"Gycom"},"image":{"@id":"https:\/\/stage.gycom.com\/#\/schema\/logo\/image\/"}}]}},"_links":{"self":[{"href":"https:\/\/stage.gycom.com\/en\/wp-json\/wp\/v2\/pages\/640","targetHints":{"allow":["GET"]}}],"collection":[{"href":"https:\/\/stage.gycom.com\/en\/wp-json\/wp\/v2\/pages"}],"about":[{"href":"https:\/\/stage.gycom.com\/en\/wp-json\/wp\/v2\/types\/page"}],"author":[{"embeddable":true,"href":"https:\/\/stage.gycom.com\/en\/wp-json\/wp\/v2\/users\/2"}],"replies":[{"embeddable":true,"href":"https:\/\/stage.gycom.com\/en\/wp-json\/wp\/v2\/comments?post=640"}],"version-history":[{"count":2,"href":"https:\/\/stage.gycom.com\/en\/wp-json\/wp\/v2\/pages\/640\/revisions"}],"predecessor-version":[{"id":175608,"href":"https:\/\/stage.gycom.com\/en\/wp-json\/wp\/v2\/pages\/640\/revisions\/175608"}],"wp:attachment":[{"href":"https:\/\/stage.gycom.com\/en\/wp-json\/wp\/v2\/media?parent=640"}],"curies":[{"name":"wp","href":"https:\/\/api.w.org\/{rel}","templated":true}]}}